{"id":702,"date":"2018-09-23T16:45:19","date_gmt":"2018-09-23T13:45:19","guid":{"rendered":"http:\/\/cover.fi\/?page_id=702"},"modified":"2018-10-10T12:10:53","modified_gmt":"2018-10-10T09:10:53","slug":"agenturer","status":"publish","type":"page","link":"https:\/\/www.cover.fi\/sv\/proffs\/agenturer\/","title":{"rendered":"Agenturer"},"content":{"rendered":"<div class=\"wpb-content-wrapper\">[mk_page_section bg_image=&#8221;http:\/\/cover.fi\/wp-content\/uploads\/2018\/09\/edustusliikkeet-1.jpg&#8221; bg_color=&#8221;#eaeaea&#8221; bg_position=&#8221;center center&#8221; bg_repeat=&#8221;no-repeat&#8221; bg_stretch=&#8221;true&#8221; enable_3d=&#8221;true&#8221; min_height=&#8221;450&#8243; full_width=&#8221;true&#8221; padding_top=&#8221;0&#8243; padding_bottom=&#8221;40&#8243; sidebar=&#8221;sidebar-1&#8243;][vc_column][\/vc_column][\/mk_page_section][vc_row][vc_column width=&#8221;1\/6&#8243;][\/vc_column][vc_column width=&#8221;2\/3&#8243;][mk_padding_divider][vc_column_text css=&#8221;.vc_custom_1536556027525{margin-bottom: 0px !important;}&#8221;]\n<h1 style=\"text-align: center;\">Agenturer<\/h1>\n<h3 style=\"text-align: center;\">Redan \u00f6ver 20 \u00e5r en p\u00e5litlig partner inom agenturf\u00f6rs\u00e4ljning<\/h3>\n[\/vc_column_text][vc_column_text css=&#8221;.vc_custom_1539162650040{margin-bottom: 0px !important;}&#8221;]\n<p style=\"text-align: center;\">Redan \u00f6ver 20 \u00e5r en p\u00e5litlig partner inom agenturf\u00f6rs\u00e4ljning<br \/>\nRedan fr\u00e5n b\u00f6rjan av f\u00f6retagets historia har det f\u00f6r oss p\u00e5 COVER st\u00e5tt klart att vi vill erbjuda v\u00e5r h\u00f6gkvalitativa COVER-teknologi till s\u00e5 m\u00e5nga f\u00f6retag och m\u00e4nniskor som m\u00f6jligt runt om i v\u00e4rlden. Men det klarar vi inte av ensamma, s\u00e5 d\u00e4rf\u00f6r beh\u00f6ver vi professionella f\u00f6retag som har den lokalk\u00e4nnedom som kr\u00e4vs f\u00f6r att tillsammans med oss sprida COVER-budskapet.<br \/>\nVi har redan i \u00f6ver 20 \u00e5r verkat inom \u00e5terf\u00f6rs\u00e4ljningssektorn. Exempelvis v\u00e5r samarbetspartner Sio Ag (<a href=\"http:\/\/www.cover.ch\" target=\"_blank\" rel=\"noopener\">www.cover.ch<\/a>) har redan sedan 1997 varit licenstillverkare av COVER-produkterna i Schweiz och har vuxit till marknadsledande p\u00e5 marknaden f\u00f6r raml\u00f6sa inglasningar d\u00e4r.<\/p>\n<p style=\"text-align: center;\">CoverGlobal Ltd erbjuder sina kunder ett omfattande produktinformationspaket inklusive skolningar samt verktyg f\u00f6r priss\u00e4ttning och planering. V\u00e5r yrkeskunniga personal betj\u00e4nar dig p\u00e5 finska, svenska, engelska, tyska, franska, ryska, och spanska.<\/p>\n<p style=\"text-align: center;\">Om du enbart \u00e4r ute efter det billigaste priset och leverant\u00f6rer av kallt j\u00e4rn, \u00e4r vi inte den r\u00e4tta samarbetspartnern. Men om du vill vara en del av en fin ber\u00e4ttelse och av COVER-teamet samt f\u00f6rst\u00e5r betydelsen av ett gemensamt varum\u00e4rke, ta f\u00f6r allt i v\u00e4rlden kontakt med oss.<br \/>\nTillsammans skapar vi nya COVER-ber\u00e4ttelser!<\/p>\n<p style=\"text-align: center;\">Ert,<br \/>\nCOVER-team<\/p>\n[\/vc_column_text][mk_padding_divider][vc_column_text css=&#8221;.vc_custom_1537710289891{margin-bottom: 0px !important;}&#8221;]\n<h1 style=\"text-align: center;\">Samarbetsprocessen<\/h1>\n[\/vc_column_text][mk_image src=&#8221;http:\/\/cover.fi\/wp-content\/uploads\/2018\/09\/edustajaliikkeet-prosessikaavio-sv.png&#8221; image_size=&#8221;full&#8221; lightbox=&#8221;true&#8221; hover_image_overlay=&#8221;false&#8221; align=&#8221;center&#8221;][\/vc_column][vc_column width=&#8221;1\/6&#8243;][\/vc_column][\/vc_row]\n<\/div>","protected":false},"excerpt":{"rendered":"<p>[mk_page_section bg_image=&#8221;http:\/\/cover.fi\/wp-content\/uploads\/2018\/09\/edustusliikkeet-1.jpg&#8221; bg_color=&#8221;#eaeaea&#8221; bg_position=&#8221;center center&#8221; bg_repeat=&#8221;no-repeat&#8221; bg_stretch=&#8221;true&#8221; enable_3d=&#8221;true&#8221; min_height=&#8221;450&#8243; full_width=&#8221;true&#8221; padding_top=&#8221;0&#8243; padding_bottom=&#8221;40&#8243; sidebar=&#8221;sidebar-1&#8243;][vc_column][\/vc_column][\/mk_page_section][vc_row][vc_column width=&#8221;1\/6&#8243;][\/vc_column][vc_column width=&#8221;2\/3&#8243;][mk_padding_divider][vc_column_text css=&#8221;.vc_custom_1536556027525{margin-bottom: 0px !important;}&#8221;] Agenturer Redan \u00f6ver 20 \u00e5r en p\u00e5litlig partner inom agenturf\u00f6rs\u00e4ljning [\/vc_column_text][vc_column_text css=&#8221;.vc_custom_1539162650040{margin-bottom: 0px !important;}&#8221;] Redan \u00f6ver 20 \u00e5r en p\u00e5litlig partner inom agenturf\u00f6rs\u00e4ljning Redan fr\u00e5n b\u00f6rjan av f\u00f6retagets historia har det f\u00f6r oss p\u00e5 COVER st\u00e5tt klart [&hellip;]<\/p>\n","protected":false},"author":1,"featured_media":0,"parent":696,"menu_order":0,"comment_status":"closed","ping_status":"closed","template":"","meta":{"footnotes":""},"class_list":["post-702","page","type-page","status-publish","hentry"],"_links":{"self":[{"href":"https:\/\/www.cover.fi\/sv\/wp-json\/wp\/v2\/pages\/702","targetHints":{"allow":["GET"]}}],"collection":[{"href":"https:\/\/www.cover.fi\/sv\/wp-json\/wp\/v2\/pages"}],"about":[{"href":"https:\/\/www.cover.fi\/sv\/wp-json\/wp\/v2\/types\/page"}],"author":[{"embeddable":true,"href":"https:\/\/www.cover.fi\/sv\/wp-json\/wp\/v2\/users\/1"}],"replies":[{"embeddable":true,"href":"https:\/\/www.cover.fi\/sv\/wp-json\/wp\/v2\/comments?post=702"}],"version-history":[{"count":0,"href":"https:\/\/www.cover.fi\/sv\/wp-json\/wp\/v2\/pages\/702\/revisions"}],"up":[{"embeddable":true,"href":"https:\/\/www.cover.fi\/sv\/wp-json\/wp\/v2\/pages\/696"}],"wp:attachment":[{"href":"https:\/\/www.cover.fi\/sv\/wp-json\/wp\/v2\/media?parent=702"}],"curies":[{"name":"wp","href":"https:\/\/api.w.org\/{rel}","templated":true}]}}