{"id":677,"date":"2018-09-23T16:34:39","date_gmt":"2018-09-23T13:34:39","guid":{"rendered":"http:\/\/cover.fi\/?page_id=677"},"modified":"2019-07-05T09:40:16","modified_gmt":"2019-07-05T06:40:16","slug":"rackessystem","status":"publish","type":"page","link":"https:\/\/www.cover.fi\/sv\/produkter\/rackessystem\/","title":{"rendered":"R\u00e4ckessystem"},"content":{"rendered":"<div class=\"wpb-content-wrapper\">[mk_page_section bg_image=&#8221;https:\/\/cover.fi\/wp-content\/uploads\/2018\/07\/cover_kuva_03.jpg&#8221; bg_position=&#8221;center center&#8221; bg_repeat=&#8221;no-repeat&#8221; bg_stretch=&#8221;true&#8221; enable_3d=&#8221;true&#8221; min_height=&#8221;450&#8243; full_width=&#8221;true&#8221; padding_top=&#8221;0&#8243; padding_bottom=&#8221;40&#8243; sidebar=&#8221;sidebar-1&#8243;][vc_column][\/vc_column][\/mk_page_section][vc_row][vc_column width=&#8221;1\/6&#8243;][\/vc_column][vc_column width=&#8221;2\/3&#8243;][mk_padding_divider][vc_column_text css=&#8221;.vc_custom_1533285259271{margin-bottom: 0px !important;}&#8221;]\n<h1 style=\"text-align: center;\">R\u00e4ckessystem<\/h1>\n<h3 style=\"text-align: center;\">COVER-r\u00e4ckessystemet av aluminium med perfekt finish ger s\u00e4kerhet p\u00e5 balkongen och terrassen. Samtidigt ger det fastigheten modern stil och design utan att st\u00f6ra utsikten.<\/h3>\n[\/vc_column_text][mk_padding_divider][\/vc_column][vc_column width=&#8221;1\/6&#8243;][\/vc_column][\/vc_row][vc_row equal_columns=&#8221;true&#8221; attached=&#8221;true&#8221; css=&#8221;.vc_custom_1530091442087{margin-bottom: 0px !important;border-bottom-width: 0px !important;padding-bottom: 0px !important;}&#8221; el_class=&#8221;rivi&#8221;][vc_column width=&#8221;1\/2&#8243; css=&#8221;.vc_custom_1530089975080{padding-top: 0px !important;padding-right: 20px !important;padding-bottom: 0px !important;padding-left: 0px !important;}&#8221;][mk_padding_divider size=&#8221;15&#8243;][vc_column_text el_class=&#8221;tekstilaatikko&#8221; css=&#8221;.vc_custom_1532508947385{margin-bottom: 0px !important;}&#8221;]\n<p style=\"text-align: left;\">COVER-R\u00c4CKESSYSTEMET tillverkas huvudsakligen av 4+4 mm laminerat glas, men det \u00e4r ocks\u00e5 m\u00f6jligt att anv\u00e4nda andra glastyper. R\u00e4ckets glastyp v\u00e4ljs p\u00e5 grundval av kundens \u00f6nskningar, var objektet finns och de lokala byggnadsbest\u00e4mmelserna.<\/p>\n[\/vc_column_text][\/vc_column][vc_column width=&#8221;1\/2&#8243; css=&#8221;.vc_custom_1530089966823{padding-top: 0px !important;padding-right: 0px !important;padding-bottom: 0px !important;padding-left: 0px !important;}&#8221;][mk_image src=&#8221;https:\/\/cover.fi\/wp-content\/uploads\/2019\/01\/kaidejarjestelma-01.jpg&#8221; image_size=&#8221;full&#8221; el_class=&#8221;tuotefiilis&#8221;][\/vc_column][\/vc_row][vc_row equal_columns=&#8221;true&#8221; attached=&#8221;true&#8221; el_class=&#8221;rivi&#8221;][vc_column width=&#8221;1\/2&#8243;][mk_image src=&#8221;https:\/\/cover.fi\/wp-content\/uploads\/2019\/01\/kaidejarjestelma-02.jpg&#8221; image_size=&#8221;full&#8221; el_class=&#8221;tuotefiilis&#8221;][\/vc_column][vc_column width=&#8221;1\/2&#8243; css=&#8221;.vc_custom_1530089835274{padding-left: 20px !important;}&#8221;][mk_padding_divider size=&#8221;15&#8243;][vc_column_text el_class=&#8221;tekstilaatikko&#8221; css=&#8221;.vc_custom_1537704764227{margin-bottom: 0px !important;}&#8221;]COVER-R\u00c4CKESSYSTEMET<br \/>\nkan anv\u00e4ndas som en sj\u00e4lvst\u00e4ndig r\u00e4ckesl\u00f6sning eller det kan kombineras med COVER-balkonginglasningssystemet, varvid systemen tillsammans skapar en harmonisk arkitektonisk helhet.<br \/>\n[\/vc_column_text][\/vc_column][\/vc_row][vc_row equal_columns=&#8221;true&#8221; attached=&#8221;true&#8221; el_class=&#8221;rivi&#8221;][vc_column width=&#8221;1\/2&#8243; css=&#8221;.vc_custom_1530089835274{padding-left: 20px !important;}&#8221;][\/vc_column][vc_column width=&#8221;1\/2&#8243;][vc_video link=&#8221;https:\/\/www.youtube.com\/watch?v=7u6w2fsvokg&#8221;][mk_padding_divider size=&#8221;15&#8243;][\/vc_column][\/vc_row][mk_page_section full_width=&#8221;true&#8221; js_vertical_centered=&#8221;true&#8221; padding_top=&#8221;30&#8243; padding_bottom=&#8221;0&#8243; top_shape_size=&#8221;small&#8221; top_shape_color=&#8221;#ffffff&#8221; top_shape_bg_color=&#8221;#dd3333&#8243; sidebar=&#8221;sidebar-1&#8243;][vc_column][rev_slider_vc alias=&#8221;kaidejarjestelma&#8221;][\/vc_column][\/mk_page_section]\n<\/div>","protected":false},"excerpt":{"rendered":"<p>[mk_page_section bg_image=&#8221;https:\/\/cover.fi\/wp-content\/uploads\/2018\/07\/cover_kuva_03.jpg&#8221; bg_position=&#8221;center center&#8221; bg_repeat=&#8221;no-repeat&#8221; bg_stretch=&#8221;true&#8221; enable_3d=&#8221;true&#8221; min_height=&#8221;450&#8243; full_width=&#8221;true&#8221; padding_top=&#8221;0&#8243; padding_bottom=&#8221;40&#8243; sidebar=&#8221;sidebar-1&#8243;][vc_column][\/vc_column][\/mk_page_section][vc_row][vc_column width=&#8221;1\/6&#8243;][\/vc_column][vc_column width=&#8221;2\/3&#8243;][mk_padding_divider][vc_column_text css=&#8221;.vc_custom_1533285259271{margin-bottom: 0px !important;}&#8221;] R\u00e4ckessystem COVER-r\u00e4ckessystemet av aluminium med perfekt finish ger s\u00e4kerhet p\u00e5 balkongen och terrassen. Samtidigt ger det fastigheten modern stil och design utan att st\u00f6ra utsikten. [\/vc_column_text][mk_padding_divider][\/vc_column][vc_column width=&#8221;1\/6&#8243;][\/vc_column][\/vc_row][vc_row equal_columns=&#8221;true&#8221; attached=&#8221;true&#8221; css=&#8221;.vc_custom_1530091442087{margin-bottom: 0px !important;border-bottom-width: 0px !important;padding-bottom: 0px !important;}&#8221; el_class=&#8221;rivi&#8221;][vc_column width=&#8221;1\/2&#8243; [&hellip;]<\/p>\n","protected":false},"author":1,"featured_media":0,"parent":668,"menu_order":0,"comment_status":"closed","ping_status":"closed","template":"","meta":{"footnotes":""},"class_list":["post-677","page","type-page","status-publish","hentry"],"_links":{"self":[{"href":"https:\/\/www.cover.fi\/sv\/wp-json\/wp\/v2\/pages\/677","targetHints":{"allow":["GET"]}}],"collection":[{"href":"https:\/\/www.cover.fi\/sv\/wp-json\/wp\/v2\/pages"}],"about":[{"href":"https:\/\/www.cover.fi\/sv\/wp-json\/wp\/v2\/types\/page"}],"author":[{"embeddable":true,"href":"https:\/\/www.cover.fi\/sv\/wp-json\/wp\/v2\/users\/1"}],"replies":[{"embeddable":true,"href":"https:\/\/www.cover.fi\/sv\/wp-json\/wp\/v2\/comments?post=677"}],"version-history":[{"count":0,"href":"https:\/\/www.cover.fi\/sv\/wp-json\/wp\/v2\/pages\/677\/revisions"}],"up":[{"embeddable":true,"href":"https:\/\/www.cover.fi\/sv\/wp-json\/wp\/v2\/pages\/668"}],"wp:attachment":[{"href":"https:\/\/www.cover.fi\/sv\/wp-json\/wp\/v2\/media?parent=677"}],"curies":[{"name":"wp","href":"https:\/\/api.w.org\/{rel}","templated":true}]}}