{"id":675,"date":"2018-09-23T16:32:07","date_gmt":"2018-09-23T13:32:07","guid":{"rendered":"http:\/\/cover.fi\/?page_id=675"},"modified":"2019-07-05T09:45:56","modified_gmt":"2019-07-05T06:45:56","slug":"balkonginglasning","status":"publish","type":"page","link":"https:\/\/www.cover.fi\/sv\/produkter\/balkonginglasning\/","title":{"rendered":"Balkonginglasning"},"content":{"rendered":"<div class=\"wpb-content-wrapper\">[mk_page_section bg_image=&#8221;https:\/\/cover.fi\/wp-content\/uploads\/2018\/06\/parvekekuva.jpg&#8221; bg_position=&#8221;center center&#8221; bg_repeat=&#8221;no-repeat&#8221; bg_stretch=&#8221;true&#8221; enable_3d=&#8221;true&#8221; min_height=&#8221;450&#8243; full_width=&#8221;true&#8221; padding_top=&#8221;0&#8243; padding_bottom=&#8221;40&#8243; sidebar=&#8221;sidebar-1&#8243;][vc_column][\/vc_column][\/mk_page_section][vc_row][vc_column width=&#8221;1\/6&#8243;][\/vc_column][vc_column width=&#8221;2\/3&#8243;][mk_padding_divider][vc_column_text css=&#8221;.vc_custom_1538456799721{margin-bottom: 0px !important;}&#8221;]\n<h1 style=\"text-align: center;\">Balkonginglasning<\/h1>\n<h3 style=\"text-align: center;\">Det h\u00f6gkvalitativa och stiliga balkonginglasningssystemet COVER utan vertikala ramar passar f\u00f6r balkonger av olika former. Du kan inreda ett stiligt uterum som en oas f\u00f6r dig sj\u00e4lv att njuta i utan st\u00f6rande element. COVER-balkongglasen h\u00e5ller f\u00f6r tuffa v\u00e4derleksf\u00f6rh\u00e5llanden.<\/h3>\n[\/vc_column_text][mk_padding_divider][\/vc_column][vc_column width=&#8221;1\/6&#8243;][\/vc_column][\/vc_row][vc_row equal_columns=&#8221;true&#8221; attached=&#8221;true&#8221; css=&#8221;.vc_custom_1530091442087{margin-bottom: 0px !important;border-bottom-width: 0px !important;padding-bottom: 0px !important;}&#8221; el_class=&#8221;rivi&#8221;][vc_column width=&#8221;1\/2&#8243; css=&#8221;.vc_custom_1530089975080{padding-top: 0px !important;padding-right: 20px !important;padding-bottom: 0px !important;padding-left: 0px !important;}&#8221;][mk_padding_divider size=&#8221;15&#8243;][vc_column_text el_class=&#8221;tekstilaatikko&#8221; css=&#8221;.vc_custom_1538456823557{margin-bottom: 0px !important;}&#8221;]N\u00e4r solen skiner \u00e4r det enkelt att \u00f6ppna COVER-balkonginglasningen helt eller delvis. N\u00e4r det regnar, bl\u00e5ser och \u00e4r kallt kan man enkelt och snabbt st\u00e4nga balkongglasen. Inglasningen skyddar balkongm\u00f6blemanget och minskar behovet av renovering och st\u00e4dning betydligt. Inglasningen fungerar f\u00f6r balkongens del som en farstu mellan fastighetens in- och utsida och f\u00f6rb\u00e4ttrar samtidigt fastighetens energieffektivitet.<\/p>\n<p>Tack vare det horisontala h\u00f6gkvalitativa rullsystemet kan COVER-balkonginglasningen f\u00f6rutom p\u00e5 raka balkonger ocks\u00e5 installeras p\u00e5 kantiga eller sv\u00e4ngda balkonger.[\/vc_column_text][\/vc_column][vc_column width=&#8221;1\/2&#8243; css=&#8221;.vc_custom_1530089966823{padding-top: 0px !important;padding-right: 0px !important;padding-bottom: 0px !important;padding-left: 0px !important;}&#8221;][mk_image src=&#8221;https:\/\/cover.fi\/wp-content\/uploads\/2019\/01\/parvekelasitus-01.jpg&#8221; image_size=&#8221;full&#8221; el_class=&#8221;tuotefiilis&#8221;][\/vc_column][\/vc_row][vc_row equal_columns=&#8221;true&#8221; attached=&#8221;true&#8221; el_class=&#8221;rivi&#8221;][vc_column width=&#8221;1\/2&#8243;][mk_image src=&#8221;https:\/\/cover.fi\/wp-content\/uploads\/2019\/01\/parvekelasitus-02.jpg&#8221; image_size=&#8221;full&#8221; el_class=&#8221;tuotefiilis&#8221;][\/vc_column][vc_column width=&#8221;1\/2&#8243; css=&#8221;.vc_custom_1530089835274{padding-left: 20px !important;}&#8221;][mk_padding_divider size=&#8221;15&#8243;][vc_column_text el_class=&#8221;tekstilaatikko&#8221; css=&#8221;.vc_custom_1538456831391{margin-bottom: 0px !important;}&#8221;]Balkonginglasningen \u00e4r alltid l\u00e4ttanv\u00e4nd och snygg samt arbetet naturligtvis av toppkvalitet \u2013 glaselementen glider l\u00e4tt \u00f6ver olika slags h\u00f6rn.<\/p>\n<p>COVER-balkonginglasningssystemet har f\u00e5tt tekniskt godk\u00e4nnande i Europa, vilket ber\u00e4ttigar till anv\u00e4ndning av CE-m\u00e4rket. D\u00e4rmed kan du vara s\u00e4ker att COVER-systemet \u00e4r ett s\u00e4kert val f\u00f6r att skydda din bostads till\u00e4ggsutrymme eller f\u00f6r att full\u00e4nda din utsikt.[\/vc_column_text][\/vc_column][\/vc_row][vc_row equal_columns=&#8221;true&#8221; attached=&#8221;true&#8221; css=&#8221;.vc_custom_1530091442087{margin-bottom: 0px !important;border-bottom-width: 0px !important;padding-bottom: 0px !important;}&#8221; el_class=&#8221;rivi&#8221;][vc_column width=&#8221;1\/2&#8243; css=&#8221;.vc_custom_1530089975080{padding-top: 0px !important;padding-right: 20px !important;padding-bottom: 0px !important;padding-left: 0px !important;}&#8221;][\/vc_column][vc_column width=&#8221;1\/2&#8243; css=&#8221;.vc_custom_1530089966823{padding-top: 0px !important;padding-right: 0px !important;padding-bottom: 0px !important;padding-left: 0px !important;}&#8221;][vc_video link=&#8221;https:\/\/www.youtube.com\/watch?v=C-fEqyRX7QU&#8221;][mk_padding_divider size=&#8221;10&#8243; visibility=&#8221;hidden-sm&#8221;][\/vc_column][\/vc_row][mk_page_section full_width=&#8221;true&#8221; js_vertical_centered=&#8221;true&#8221; padding_top=&#8221;30&#8243; padding_bottom=&#8221;0&#8243; top_shape_size=&#8221;small&#8221; top_shape_color=&#8221;#ffffff&#8221; top_shape_bg_color=&#8221;#dd3333&#8243; sidebar=&#8221;sidebar-1&#8243;][vc_column][rev_slider_vc alias=&#8221;parvekelasitus&#8221;][\/vc_column][\/mk_page_section]\n<\/div>","protected":false},"excerpt":{"rendered":"<p>[mk_page_section bg_image=&#8221;https:\/\/cover.fi\/wp-content\/uploads\/2018\/06\/parvekekuva.jpg&#8221; bg_position=&#8221;center center&#8221; bg_repeat=&#8221;no-repeat&#8221; bg_stretch=&#8221;true&#8221; enable_3d=&#8221;true&#8221; min_height=&#8221;450&#8243; full_width=&#8221;true&#8221; padding_top=&#8221;0&#8243; padding_bottom=&#8221;40&#8243; sidebar=&#8221;sidebar-1&#8243;][vc_column][\/vc_column][\/mk_page_section][vc_row][vc_column width=&#8221;1\/6&#8243;][\/vc_column][vc_column width=&#8221;2\/3&#8243;][mk_padding_divider][vc_column_text css=&#8221;.vc_custom_1538456799721{margin-bottom: 0px !important;}&#8221;] Balkonginglasning Det h\u00f6gkvalitativa och stiliga balkonginglasningssystemet COVER utan vertikala ramar passar f\u00f6r balkonger av olika former. Du kan inreda ett stiligt uterum som en oas f\u00f6r dig sj\u00e4lv att njuta i utan st\u00f6rande element. COVER-balkongglasen h\u00e5ller f\u00f6r tuffa [&hellip;]<\/p>\n","protected":false},"author":1,"featured_media":0,"parent":668,"menu_order":0,"comment_status":"closed","ping_status":"closed","template":"","meta":{"footnotes":""},"class_list":["post-675","page","type-page","status-publish","hentry"],"_links":{"self":[{"href":"https:\/\/www.cover.fi\/sv\/wp-json\/wp\/v2\/pages\/675","targetHints":{"allow":["GET"]}}],"collection":[{"href":"https:\/\/www.cover.fi\/sv\/wp-json\/wp\/v2\/pages"}],"about":[{"href":"https:\/\/www.cover.fi\/sv\/wp-json\/wp\/v2\/types\/page"}],"author":[{"embeddable":true,"href":"https:\/\/www.cover.fi\/sv\/wp-json\/wp\/v2\/users\/1"}],"replies":[{"embeddable":true,"href":"https:\/\/www.cover.fi\/sv\/wp-json\/wp\/v2\/comments?post=675"}],"version-history":[{"count":0,"href":"https:\/\/www.cover.fi\/sv\/wp-json\/wp\/v2\/pages\/675\/revisions"}],"up":[{"embeddable":true,"href":"https:\/\/www.cover.fi\/sv\/wp-json\/wp\/v2\/pages\/668"}],"wp:attachment":[{"href":"https:\/\/www.cover.fi\/sv\/wp-json\/wp\/v2\/media?parent=675"}],"curies":[{"name":"wp","href":"https:\/\/api.w.org\/{rel}","templated":true}]}}