{"id":671,"date":"2018-09-23T16:29:48","date_gmt":"2018-09-23T13:29:48","guid":{"rendered":"http:\/\/cover.fi\/?page_id=671"},"modified":"2019-07-05T09:15:21","modified_gmt":"2019-07-05T06:15:21","slug":"startsida","status":"publish","type":"page","link":"https:\/\/www.cover.fi\/sv\/","title":{"rendered":"Startsida"},"content":{"rendered":"<div class=\"wpb-content-wrapper\">[mk_page_section bg_image=&#8221;http:\/\/cover.fi\/wp-content\/uploads\/2018\/09\/cover-etusivu-v5.jpg&#8221; bg_position=&#8221;center center&#8221; bg_stretch=&#8221;true&#8221; enable_3d=&#8221;true&#8221; min_height=&#8221;475&#8243; full_width=&#8221;true&#8221; padding_top=&#8221;0&#8243; padding_bottom=&#8221;40&#8243; sidebar=&#8221;sidebar-1&#8243;][vc_column][\/vc_column][\/mk_page_section][vc_row][vc_column width=&#8221;1\/6&#8243;][\/vc_column][vc_column width=&#8221;2\/3&#8243;][mk_padding_divider][vc_column_text css=&#8221;.vc_custom_1537702543940{margin-bottom: 0px !important;}&#8221;]\n<h1 style=\"text-align: center;\">TIDL\u00d6SA INGLASNINGSL\u00d6SNINGAR<br \/>\nFR\u00c5N FINLAND SEDAN 1985<\/h1>\n<h3 style=\"text-align: center;\">COVER \u00e4r pionj\u00e4r i v\u00e4rlden f\u00f6r raml\u00f6sa balkonginglasningar.<\/h3>\n<h3 style=\"text-align: center;\">Vi har blivit till f\u00f6r att f\u00f6r\u00e4ndra och f\u00f6r att skapa en genomskinlig v\u00e4rld. F\u00f6lj med oss! Vi \u00e4r \u00e4rliga, \u00f6ppna och positiva och erbjuder dig och ditt f\u00f6retag samarbete med fina, moderna produkter. V\u00e5r yrkeskunniga personal hj\u00e4lper och st\u00f6ttar dig s\u00e5 att du kommer ig\u00e5ng med aff\u00e4rsverksamheten.<\/h3>\n[\/vc_column_text][mk_button dimension=&#8221;flat&#8221; corner_style=&#8221;rounded&#8221; size=&#8221;large&#8221; letter_spacing=&#8221;1&#8243; url=&#8221;produkter&#8221; align=&#8221;center&#8221; margin_top=&#8221;15&#8243;]Bekanta dig med v\u00e5ra produkter[\/mk_button][vc_column_text css=&#8221;.vc_custom_1536214226110{margin-bottom: 0px !important;}&#8221;]\n<p>&nbsp;<\/p>\n<p style=\"text-align: center;\"><img loading=\"lazy\" decoding=\"async\" class=\"alignnone size-full wp-image-265\" src=\"https:\/\/cover.fi\/wp-content\/uploads\/2018\/09\/cover-overlap.png\" alt=\"\" width=\"480\" height=\"208\" srcset=\"https:\/\/www.cover.fi\/wp-content\/uploads\/2018\/09\/cover-overlap.png 960w, https:\/\/www.cover.fi\/wp-content\/uploads\/2018\/09\/cover-overlap-300x130.png 300w, https:\/\/www.cover.fi\/wp-content\/uploads\/2018\/09\/cover-overlap-768x333.png 768w\" sizes=\"auto, (max-width: 480px) 100vw, 480px\" \/><\/p>\n<p style=\"text-align: center;\"><img loading=\"lazy\" decoding=\"async\" class=\"aligncenter wp-image-23 \" src=\"https:\/\/cover.fi\/wp-content\/uploads\/2018\/06\/artwork-16.svg\" alt=\"\" width=\"239\" height=\"135\" \/><\/p>\n[\/vc_column_text][\/vc_column][vc_column width=&#8221;1\/6&#8243;][\/vc_column][\/vc_row]\n<\/div>","protected":false},"excerpt":{"rendered":"<p>[mk_page_section bg_image=&#8221;http:\/\/cover.fi\/wp-content\/uploads\/2018\/09\/cover-etusivu-v5.jpg&#8221; bg_position=&#8221;center center&#8221; bg_stretch=&#8221;true&#8221; enable_3d=&#8221;true&#8221; min_height=&#8221;475&#8243; full_width=&#8221;true&#8221; padding_top=&#8221;0&#8243; padding_bottom=&#8221;40&#8243; sidebar=&#8221;sidebar-1&#8243;][vc_column][\/vc_column][\/mk_page_section][vc_row][vc_column width=&#8221;1\/6&#8243;][\/vc_column][vc_column width=&#8221;2\/3&#8243;][mk_padding_divider][vc_column_text css=&#8221;.vc_custom_1537702543940{margin-bottom: 0px !important;}&#8221;] TIDL\u00d6SA INGLASNINGSL\u00d6SNINGAR FR\u00c5N FINLAND SEDAN 1985 COVER \u00e4r pionj\u00e4r i v\u00e4rlden f\u00f6r raml\u00f6sa balkonginglasningar. Vi har blivit till f\u00f6r att f\u00f6r\u00e4ndra och f\u00f6r att skapa en genomskinlig v\u00e4rld. F\u00f6lj med oss! Vi \u00e4r \u00e4rliga, \u00f6ppna och positiva och erbjuder [&hellip;]<\/p>\n","protected":false},"author":1,"featured_media":0,"parent":0,"menu_order":0,"comment_status":"closed","ping_status":"closed","template":"","meta":{"footnotes":""},"class_list":["post-671","page","type-page","status-publish","hentry"],"_links":{"self":[{"href":"https:\/\/www.cover.fi\/sv\/wp-json\/wp\/v2\/pages\/671","targetHints":{"allow":["GET"]}}],"collection":[{"href":"https:\/\/www.cover.fi\/sv\/wp-json\/wp\/v2\/pages"}],"about":[{"href":"https:\/\/www.cover.fi\/sv\/wp-json\/wp\/v2\/types\/page"}],"author":[{"embeddable":true,"href":"https:\/\/www.cover.fi\/sv\/wp-json\/wp\/v2\/users\/1"}],"replies":[{"embeddable":true,"href":"https:\/\/www.cover.fi\/sv\/wp-json\/wp\/v2\/comments?post=671"}],"version-history":[{"count":0,"href":"https:\/\/www.cover.fi\/sv\/wp-json\/wp\/v2\/pages\/671\/revisions"}],"wp:attachment":[{"href":"https:\/\/www.cover.fi\/sv\/wp-json\/wp\/v2\/media?parent=671"}],"curies":[{"name":"wp","href":"https:\/\/api.w.org\/{rel}","templated":true}]}}