{"id":665,"date":"2018-09-23T16:27:08","date_gmt":"2018-09-23T13:27:08","guid":{"rendered":"http:\/\/cover.fi\/?page_id=665"},"modified":"2018-10-16T14:16:21","modified_gmt":"2018-10-16T11:16:21","slug":"inspirations","status":"publish","type":"page","link":"https:\/\/www.cover.fi\/sv\/inspirations\/","title":{"rendered":"Inspirationer"},"content":{"rendered":"<div class=\"wpb-content-wrapper\">[mk_page_section bg_position=&#8221;center center&#8221; bg_repeat=&#8221;no-repeat&#8221; bg_stretch=&#8221;true&#8221; enable_3d=&#8221;true&#8221; min_height=&#8221;450&#8243; js_vertical_centered=&#8221;true&#8221; padding_top=&#8221;0&#8243; padding_bottom=&#8221;40&#8243; sidebar=&#8221;sidebar-1&#8243;][vc_column][mk_image_slideshow images=&#8221;128,127,126,274,275,276&#8243; image_width=&#8221;1100&#8243; image_height=&#8221;475&#8243; slideshow_speed=&#8221;6000&#8243;][\/vc_column][\/mk_page_section][vc_row][vc_column width=&#8221;1\/6&#8243;][\/vc_column][vc_column width=&#8221;2\/3&#8243;][mk_padding_divider][vc_column_text css=&#8221;.vc_custom_1537703723772{margin-bottom: 0px !important;}&#8221;]\n<h1 style=\"text-align: center;\">Inspirationer<\/h1>\n<h3 style=\"text-align: center;\">Aldrig tidigare sk\u00e5dade utrymmen, endast fantasin s\u00e4tter gr\u00e4nser!<br \/>\nCOVER-inglasningarna g\u00f6rs alltid l\u00e4ttanv\u00e4nda och som kvalitetsarbete. Glaselementen glider l\u00e4tt \u00f6ver h\u00f6rn med olika vinklar. Bekanta dig med COVER-inglasningssystemet.<\/h3>\n[\/vc_column_text][mk_padding_divider][\/vc_column][vc_column width=&#8221;1\/6&#8243;][\/vc_column][\/vc_row][vc_row equal_columns=&#8221;true&#8221; attached=&#8221;true&#8221; css=&#8221;.vc_custom_1530091442087{margin-bottom: 0px !important;border-bottom-width: 0px !important;padding-bottom: 0px !important;}&#8221; el_class=&#8221;rivi&#8221;][vc_column width=&#8221;1\/2&#8243; css=&#8221;.vc_custom_1530089966823{padding-top: 0px !important;padding-right: 0px !important;padding-bottom: 0px !important;padding-left: 0px !important;}&#8221;][mk_image_slideshow images=&#8221;120,246&#8243; image_width=&#8221;510&#8243; image_height=&#8221;510&#8243; direction_nav=&#8221;false&#8221;][\/vc_column][vc_column width=&#8221;1\/2&#8243; css=&#8221;.vc_custom_1530089975080{padding-top: 0px !important;padding-right: 20px !important;padding-bottom: 0px !important;padding-left: 0px !important;}&#8221;][mk_padding_divider visibility=&#8221;hidden-sm&#8221;][mk_padding_divider size=&#8221;30&#8243; visibility=&#8221;hidden-tl&#8221;][vc_column_text el_class=&#8221;tekstilaatikko&#8221; css=&#8221;.vc_custom_1539688578419{margin-bottom: 0px !important;}&#8221;]\n<h3 style=\"text-align: left;\">Matlagning p\u00e5 Saimens strand!<\/h3>\n<p style=\"text-align: left;\">Moderna, fr\u00e5n fastigheten separat placerade sommark\u00f6k \u00e4r mycket popul\u00e4ra nuf\u00f6rtiden. Det moderna sommark\u00f6ket p\u00e5 bilden har byggts i Ruokolahti p\u00e5 Saimens Strand och bildar en harmonisk helhet med naturen. Som ram f\u00f6r detta sommark\u00f6k har man anv\u00e4nt tr\u00e4 och \u00e4garna byggde dem sj\u00e4lva. Aluminium \u00e4r ocks\u00e5 ett mycket popul\u00e4rt material f\u00f6r ramen. P\u00e5 sommark\u00f6kets v\u00e4nstra sida har installerats COVER-skjutglas, f\u00f6r att g\u00f6ra det s\u00e5 l\u00e4tt som m\u00f6jligt att komma in. P\u00e5 framsidan \u00e4r ett raml\u00f6st COVER-terrassinglasningssystem som ger en fantastisk obehindrad utsikt \u00f6ver sj\u00f6n. Man har ocks\u00e5 anv\u00e4nt fasta glasrutor f\u00f6r att maximera utsikten och det inkommande ljuset.<\/p>\n[\/vc_column_text][\/vc_column][\/vc_row][vc_row equal_columns=&#8221;true&#8221; attached=&#8221;true&#8221; el_class=&#8221;rivi&#8221;][vc_column width=&#8221;1\/2&#8243; css=&#8221;.vc_custom_1530089835274{padding-left: 20px !important;}&#8221;][mk_padding_divider visibility=&#8221;hidden-sm&#8221;][mk_padding_divider size=&#8221;30&#8243; visibility=&#8221;hidden-tl&#8221;][vc_column_text el_class=&#8221;tekstilaatikko&#8221; css=&#8221;.vc_custom_1538457221728{margin-bottom: 0px !important;}&#8221;]\n<h3>Inspirerande boende i Paris!<\/h3>\n<p>I stadsdelen Romainville i Paris finns en fastighet d\u00e4r man har piggat upp fasaden p\u00e5 insidan med olikf\u00e4rgade glasrutor. Objektets arkitekt anv\u00e4nde dj\u00e4rvt en kraftig f\u00e4rgv\u00e4rld som en del av COVER-systemet. P\u00e5 detta s\u00e4tt lyckades man skapa en starkt inspirerande fasad. Systemet p\u00e5 bilden \u00e4r ett raml\u00f6st terrassinglasningssystem i full h\u00f6jd som har installerats bakom pinnstaket.[\/vc_column_text][\/vc_column][vc_column width=&#8221;1\/2&#8243;][mk_image_slideshow images=&#8221;121,122&#8243; image_width=&#8221;510&#8243; image_height=&#8221;510&#8243; direction_nav=&#8221;false&#8221;][\/vc_column][\/vc_row][vc_row equal_columns=&#8221;true&#8221; attached=&#8221;true&#8221; el_class=&#8221;rivi&#8221;][vc_column width=&#8221;1\/2&#8243;][mk_image_slideshow images=&#8221;124,125&#8243; image_width=&#8221;510&#8243; image_height=&#8221;510&#8243; direction_nav=&#8221;false&#8221;][\/vc_column][vc_column width=&#8221;1\/2&#8243; css=&#8221;.vc_custom_1530089835274{padding-left: 20px !important;}&#8221;][mk_padding_divider visibility=&#8221;hidden-sm&#8221;][mk_padding_divider size=&#8221;30&#8243; visibility=&#8221;hidden-tl&#8221;][vc_column_text el_class=&#8221;tekstilaatikko&#8221; css=&#8221;.vc_custom_1537703784221{margin-bottom: 0px !important;}&#8221;]\n<h3>Bada vid oceanens rand!<\/h3>\n<p>I USA:s s\u00f6dra delar anv\u00e4nds COVER-systemet ofta som en del av fastighetens ytterv\u00e4gg. P\u00e5 detta s\u00e4tt skapar man en hinderfri utsikt i ifr\u00e5gavarande utrymme samt m\u00f6jligheten att f\u00f6rena det inre och yttre utrymmet om man s\u00e5 \u00f6nskar. Vid projektet i s\u00f6dra Kalifornien p\u00e5 bilden har man installerat inglasningssystemet i full h\u00f6jd som en v\u00e4gg i ett sovrum utrustat med badkar. Glasrutorna kan man \u00f6ppna delvis eller fullst\u00e4ndigt och p\u00e5 detta s\u00e4tt f\u00f6rena sovrummet med uteterrassen till ett enhetligt utrymme.<br \/>\n[\/vc_column_text][\/vc_column][\/vc_row]\n<\/div>","protected":false},"excerpt":{"rendered":"<p>[mk_page_section bg_position=&#8221;center center&#8221; bg_repeat=&#8221;no-repeat&#8221; bg_stretch=&#8221;true&#8221; enable_3d=&#8221;true&#8221; min_height=&#8221;450&#8243; js_vertical_centered=&#8221;true&#8221; padding_top=&#8221;0&#8243; padding_bottom=&#8221;40&#8243; sidebar=&#8221;sidebar-1&#8243;][vc_column][mk_image_slideshow images=&#8221;128,127,126,274,275,276&#8243; image_width=&#8221;1100&#8243; image_height=&#8221;475&#8243; slideshow_speed=&#8221;6000&#8243;][\/vc_column][\/mk_page_section][vc_row][vc_column width=&#8221;1\/6&#8243;][\/vc_column][vc_column width=&#8221;2\/3&#8243;][mk_padding_divider][vc_column_text css=&#8221;.vc_custom_1537703723772{margin-bottom: 0px !important;}&#8221;] Inspirationer Aldrig tidigare sk\u00e5dade utrymmen, endast fantasin s\u00e4tter gr\u00e4nser! COVER-inglasningarna g\u00f6rs alltid l\u00e4ttanv\u00e4nda och som kvalitetsarbete. Glaselementen glider l\u00e4tt \u00f6ver h\u00f6rn med olika vinklar. Bekanta dig med COVER-inglasningssystemet. [\/vc_column_text][mk_padding_divider][\/vc_column][vc_column width=&#8221;1\/6&#8243;][\/vc_column][\/vc_row][vc_row equal_columns=&#8221;true&#8221; attached=&#8221;true&#8221; css=&#8221;.vc_custom_1530091442087{margin-bottom: 0px !important;border-bottom-width: [&hellip;]<\/p>\n","protected":false},"author":1,"featured_media":0,"parent":0,"menu_order":0,"comment_status":"closed","ping_status":"closed","template":"","meta":{"footnotes":""},"class_list":["post-665","page","type-page","status-publish","hentry"],"_links":{"self":[{"href":"https:\/\/www.cover.fi\/sv\/wp-json\/wp\/v2\/pages\/665","targetHints":{"allow":["GET"]}}],"collection":[{"href":"https:\/\/www.cover.fi\/sv\/wp-json\/wp\/v2\/pages"}],"about":[{"href":"https:\/\/www.cover.fi\/sv\/wp-json\/wp\/v2\/types\/page"}],"author":[{"embeddable":true,"href":"https:\/\/www.cover.fi\/sv\/wp-json\/wp\/v2\/users\/1"}],"replies":[{"embeddable":true,"href":"https:\/\/www.cover.fi\/sv\/wp-json\/wp\/v2\/comments?post=665"}],"version-history":[{"count":0,"href":"https:\/\/www.cover.fi\/sv\/wp-json\/wp\/v2\/pages\/665\/revisions"}],"wp:attachment":[{"href":"https:\/\/www.cover.fi\/sv\/wp-json\/wp\/v2\/media?parent=665"}],"curies":[{"name":"wp","href":"https:\/\/api.w.org\/{rel}","templated":true}]}}