{"id":827,"date":"2018-10-02T08:50:53","date_gmt":"2018-10-02T05:50:53","guid":{"rendered":"http:\/\/cover.fi\/?page_id=827"},"modified":"2022-05-13T12:01:44","modified_gmt":"2022-05-13T09:01:44","slug":"coverglobal-ltd","status":"publish","type":"page","link":"https:\/\/www.cover.fi\/fr\/coverglobal-ltd\/","title":{"rendered":"CoverGlobal Ltd"},"content":{"rendered":"<div class=\"wpb-content-wrapper\">[mk_page_section bg_image=\u00a0\u00bbhttps:\/\/www.cover.fi\/wp-content\/uploads\/2022\/05\/coverglobal-staff-2.jpg\u00a0\u00bb bg_position=\u00a0\u00bbcenter center\u00a0\u00bb bg_repeat=\u00a0\u00bbno-repeat\u00a0\u00bb bg_stretch=\u00a0\u00bbtrue\u00a0\u00bb enable_3d=\u00a0\u00bbtrue\u00a0\u00bb min_height=\u00a0\u00bb650&Prime; full_width=\u00a0\u00bbtrue\u00a0\u00bb padding_top=\u00a0\u00bb0&Prime; padding_bottom=\u00a0\u00bb40&Prime; sidebar=\u00a0\u00bbsidebar-1&Prime;][vc_column][\/vc_column][\/mk_page_section][vc_row][vc_column width=\u00a0\u00bb1\/6&Prime;][\/vc_column][vc_column width=\u00a0\u00bb2\/3&Prime;][mk_padding_divider][vc_column_text css=\u00a0\u00bb.vc_custom_1539161643453{margin-bottom: 0px !important;}\u00a0\u00bb]\n<h3 style=\"text-align: center;\"><img loading=\"lazy\" decoding=\"async\" class=\" wp-image-23 aligncenter\" src=\"https:\/\/cover.fi\/wp-content\/uploads\/2018\/06\/artwork-16.svg\" alt=\"\" width=\"388\" height=\"227\" \/><\/h3>\n<h4 style=\"text-align: left;\">COMMENT TOUT A COMMENC\u00c9?<\/h4>\n<p>Le cr\u00e9ateur Jarmo Sj\u00f6holm a d\u00e9velopp\u00e9 en 1991 le syst\u00e8me de vitrage sans cadre COVER pour balcons et terrasses. Ce syst\u00e8me fut le premier mondialement \u00e0 pouvoir se d\u00e9placer suivant diff\u00e9rents angles. Les \u00e9l\u00e9ments principaux du syst\u00e8me COVER ont \u00e9t\u00e9 brevet\u00e9s au niveau mondial.<\/p>\n<p>Le syst\u00e8me original COVER est toujours reconnu comme l\u2019un des syst\u00e8mes de meilleure qualit\u00e9 au monde. C\u2019est pourquoi CoverGlobal Ltd, entreprise finlandaise, s\u2019est d\u00e9velopp\u00e9e internationalement.<\/p>\n<p>C\u2019est ainsi que le r\u00eave d\u2019un jeune homme est devenu r\u00e9alit\u00e9.<\/p>\n<p>Les produits COVER sont sources de nombreux emplois dans les r\u00e9gions o\u00f9 COVER est pr\u00e9sent. Les employ\u00e9s et les entreprises clientes forment une grande famille.<\/p>\n<p><em><strong>\u201cNous continuerons avec Jarmo Sj\u00f6holm, \u00e0 cr\u00e9er un monde transparent vers de nouveaux horizons\u201d<\/strong><\/em><\/p>\n<h4>Comment cela continue\u00a0?<\/h4>\n<p>Au fil des ann\u00e9es, le syst\u00e8me original COVER s\u2019est d\u00e9velopp\u00e9, formant un ensemble de produits en verre et en aluminium qui se compl\u00e8tent et s\u2019harmonisent mutuellement, fournissant des solutions de produits pour de nombreuses applications, individuellement ou en combinaison.<\/p>\n<p>Aujourd&rsquo;hui, la fiabilit\u00e9, la rapidit\u00e9, l&rsquo;efficacit\u00e9, le service, la concentration des solutions et la qualit\u00e9 sont les \u00e9l\u00e9ments cl\u00e9s que les clients appr\u00e9cient particuli\u00e8rement. CoverGlobal Ltd a mis l\u2019accent sur le d\u00e9veloppement de ces zones au cours des derni\u00e8res ann\u00e9es, investir dans le d\u00e9veloppement de produits, les syst\u00e8mes informatiques et de nouveaux collaborateurs motiv\u00e9s. Avec ces \u00e9l\u00e9ments, nous sommes en mesure de satisfaire les besoins de nos clients et de cr\u00e9er une exp\u00e9rience client positive.<\/p>\n<p>Notre personnel qualifi\u00e9 et multilingue aide et accompagne les clients B2B dans toutes les \u00e9tapes des projets et de la coop\u00e9ration, afin que vos objectifs soient atteints et m\u00eame d\u00e9pass\u00e9s.<\/p>\n<p>Nous sommes fiers d&rsquo;avoir pu livrer notre technologie finlandaise, \u00e0 des clients nationaux et internationaux, dans pr\u00e8s de 30 pays depuis des d\u00e9cennies.<\/p>\n<p>Nous allons avec plaisir, coop\u00e9rer avec chaque nouveau client et traiter chaque nouvelle commande. Nous nous engageons \u00e0 coop\u00e9rer avec nos clients sur le long terme et aider nos clients \u00e0 r\u00e9ussir.<\/p>\n<p>Nous avons de fortes valeurs et travaillons avec nos clients en tant qu\u2019une grande famille.<\/p>\n<p>Nous sommes&#8230;<\/p>\n<p><strong>VOTRE PARTENAIRE!<\/strong><\/p>\n<p>L\u2019\u00c9quipe COVER[\/vc_column_text][mk_padding_divider][\/vc_column][vc_column width=\u00a0\u00bb1\/6&Prime;][\/vc_column][\/vc_row][mk_page_section full_width=\u00a0\u00bbtrue\u00a0\u00bb js_vertical_centered=\u00a0\u00bbtrue\u00a0\u00bb padding_top=\u00a0\u00bb30&Prime; padding_bottom=\u00a0\u00bb0&Prime; top_shape_size=\u00a0\u00bbsmall\u00a0\u00bb top_shape_color=\u00a0\u00bb#ffffff\u00a0\u00bb top_shape_bg_color=\u00a0\u00bb#dd3333&Prime; sidebar=\u00a0\u00bbsidebar-1&Prime;][vc_column][rev_slider_vc alias=\u00a0\u00bbcoverglobal\u00a0\u00bb][\/vc_column][\/mk_page_section]\n<\/div>","protected":false},"excerpt":{"rendered":"<p>[mk_page_section bg_image=\u00a0\u00bbhttps:\/\/www.cover.fi\/wp-content\/uploads\/2022\/05\/coverglobal-staff-2.jpg\u00a0\u00bb bg_position=\u00a0\u00bbcenter center\u00a0\u00bb bg_repeat=\u00a0\u00bbno-repeat\u00a0\u00bb bg_stretch=\u00a0\u00bbtrue\u00a0\u00bb enable_3d=\u00a0\u00bbtrue\u00a0\u00bb min_height=\u00a0\u00bb650&Prime; full_width=\u00a0\u00bbtrue\u00a0\u00bb padding_top=\u00a0\u00bb0&Prime; padding_bottom=\u00a0\u00bb40&Prime; sidebar=\u00a0\u00bbsidebar-1&Prime;][vc_column][\/vc_column][\/mk_page_section][vc_row][vc_column width=\u00a0\u00bb1\/6&Prime;][\/vc_column][vc_column width=\u00a0\u00bb2\/3&Prime;][mk_padding_divider][vc_column_text css=\u00a0\u00bb.vc_custom_1539161643453{margin-bottom: 0px !important;}\u00a0\u00bb] COMMENT TOUT A COMMENC\u00c9? Le cr\u00e9ateur Jarmo Sj\u00f6holm a d\u00e9velopp\u00e9 en 1991 le syst\u00e8me de vitrage sans cadre COVER pour balcons et terrasses. Ce syst\u00e8me fut le premier mondialement \u00e0 pouvoir se d\u00e9placer suivant diff\u00e9rents angles. Les \u00e9l\u00e9ments [&hellip;]<\/p>\n","protected":false},"author":1,"featured_media":0,"parent":0,"menu_order":0,"comment_status":"closed","ping_status":"closed","template":"","meta":{"footnotes":""},"class_list":["post-827","page","type-page","status-publish","hentry"],"_links":{"self":[{"href":"https:\/\/www.cover.fi\/fr\/wp-json\/wp\/v2\/pages\/827","targetHints":{"allow":["GET"]}}],"collection":[{"href":"https:\/\/www.cover.fi\/fr\/wp-json\/wp\/v2\/pages"}],"about":[{"href":"https:\/\/www.cover.fi\/fr\/wp-json\/wp\/v2\/types\/page"}],"author":[{"embeddable":true,"href":"https:\/\/www.cover.fi\/fr\/wp-json\/wp\/v2\/users\/1"}],"replies":[{"embeddable":true,"href":"https:\/\/www.cover.fi\/fr\/wp-json\/wp\/v2\/comments?post=827"}],"version-history":[{"count":2,"href":"https:\/\/www.cover.fi\/fr\/wp-json\/wp\/v2\/pages\/827\/revisions"}],"predecessor-version":[{"id":2285,"href":"https:\/\/www.cover.fi\/fr\/wp-json\/wp\/v2\/pages\/827\/revisions\/2285"}],"wp:attachment":[{"href":"https:\/\/www.cover.fi\/fr\/wp-json\/wp\/v2\/media?parent=827"}],"curies":[{"name":"wp","href":"https:\/\/api.w.org\/{rel}","templated":true}]}}