{"id":824,"date":"2018-10-02T08:46:16","date_gmt":"2018-10-02T05:46:16","guid":{"rendered":"http:\/\/cover.fi\/?page_id=824"},"modified":"2018-10-02T09:04:17","modified_gmt":"2018-10-02T06:04:17","slug":"inspirations","status":"publish","type":"page","link":"https:\/\/www.cover.fi\/fr\/inspirations\/","title":{"rendered":"Inspirations"},"content":{"rendered":"<div class=\"wpb-content-wrapper\">[mk_page_section bg_position=\u00a0\u00bbcenter center\u00a0\u00bb bg_repeat=\u00a0\u00bbno-repeat\u00a0\u00bb bg_stretch=\u00a0\u00bbtrue\u00a0\u00bb enable_3d=\u00a0\u00bbtrue\u00a0\u00bb min_height=\u00a0\u00bb450&Prime; js_vertical_centered=\u00a0\u00bbtrue\u00a0\u00bb padding_top=\u00a0\u00bb0&Prime; padding_bottom=\u00a0\u00bb40&Prime; sidebar=\u00a0\u00bbsidebar-1&Prime;][vc_column][mk_image_slideshow images=\u00a0\u00bb128,127,126,274,275,276&Prime; image_width=\u00a0\u00bb1100&Prime; image_height=\u00a0\u00bb475&Prime; slideshow_speed=\u00a0\u00bb6000&Prime;][\/vc_column][\/mk_page_section][vc_row][vc_column width=\u00a0\u00bb1\/6&Prime;][\/vc_column][vc_column width=\u00a0\u00bb2\/3&Prime;][mk_padding_divider][vc_column_text css=\u00a0\u00bb.vc_custom_1538459085203{margin-bottom: 0px !important;}\u00a0\u00bb]\n<h1 style=\"text-align: center;\">INSPIRATIONS<\/h1>\n<h3 style=\"text-align: center;\">Des espaces in\u00e9dits avec pour seule limite l\u2019imagination !<br \/>\nLes solutions de vitrages COVER sont toujours de qualit\u00e9 et faciles \u00e0 manier. D\u00e9couvrez les solutions COVER.<\/h3>\n[\/vc_column_text][mk_padding_divider][\/vc_column][vc_column width=\u00a0\u00bb1\/6&Prime;][\/vc_column][\/vc_row][vc_row equal_columns=\u00a0\u00bbtrue\u00a0\u00bb attached=\u00a0\u00bbtrue\u00a0\u00bb css=\u00a0\u00bb.vc_custom_1530091442087{margin-bottom: 0px !important;border-bottom-width: 0px !important;padding-bottom: 0px !important;}\u00a0\u00bb el_class=\u00a0\u00bbrivi\u00a0\u00bb][vc_column width=\u00a0\u00bb1\/2&Prime; css=\u00a0\u00bb.vc_custom_1530089966823{padding-top: 0px !important;padding-right: 0px !important;padding-bottom: 0px !important;padding-left: 0px !important;}\u00a0\u00bb][mk_image_slideshow images=\u00a0\u00bb120,246&Prime; image_width=\u00a0\u00bb510&Prime; image_height=\u00a0\u00bb510&Prime; direction_nav=\u00a0\u00bbfalse\u00a0\u00bb][\/vc_column][vc_column width=\u00a0\u00bb1\/2&Prime; css=\u00a0\u00bb.vc_custom_1530089975080{padding-top: 0px !important;padding-right: 20px !important;padding-bottom: 0px !important;padding-left: 0px !important;}\u00a0\u00bb][mk_padding_divider visibility=\u00a0\u00bbhidden-sm\u00a0\u00bb][mk_padding_divider size=\u00a0\u00bb30&Prime; visibility=\u00a0\u00bbhidden-tl\u00a0\u00bb][vc_column_text el_class=\u00a0\u00bbtekstilaatikko\u00a0\u00bb css=\u00a0\u00bb.vc_custom_1538459131791{margin-bottom: 0px !important;}\u00a0\u00bb]\n<h3>Cuisine au bord du lac Saimaa en Finlande !<\/h3>\n<p style=\"text-align: left;\">S\u00e9par\u00e9es du b\u00e2timent principal, des cuisines d\u2019\u00e9t\u00e9 modernes sont de nos jours tr\u00e8s populaires en Finlande. La cuisine d&rsquo;\u00e9t\u00e9 moderne construite \u00e0 Ruokolahti, sur les rives du lac Saimaa, forme un ensemble harmonieux avec la nature. Le cadre de cette cuisine a \u00e9t\u00e9 construit en bois, selon les souhaits du client et par lui-m\u00eame. L&rsquo;aluminium est \u00e9galement un mat\u00e9riau tr\u00e8s populaire. Le c\u00f4t\u00e9 gauche de la cuisine d&rsquo;\u00e9t\u00e9 est \u00e9quip\u00e9 de vitrages coulissant COVER pour faciliter l&rsquo;acc\u00e8s \u00e0 l&rsquo;int\u00e9rieur. \u00c0 l\u2019avant de la terrasse, il y a un syst\u00e8me vitrages sans cadre pour terrasse, qui permet une vue imprenable sur le lac. Des vitrages r\u00e9sistants en pleine hauteur ont \u00e9t\u00e9 utilis\u00e9s pour maximiser la visibilit\u00e9 et la lumi\u00e8re entrante.<\/p>\n[\/vc_column_text][\/vc_column][\/vc_row][vc_row equal_columns=\u00a0\u00bbtrue\u00a0\u00bb attached=\u00a0\u00bbtrue\u00a0\u00bb el_class=\u00a0\u00bbrivi\u00a0\u00bb][vc_column width=\u00a0\u00bb1\/2&Prime; css=\u00a0\u00bb.vc_custom_1530089835274{padding-left: 20px !important;}\u00a0\u00bb][mk_padding_divider visibility=\u00a0\u00bbhidden-sm\u00a0\u00bb][mk_padding_divider size=\u00a0\u00bb30&Prime; visibility=\u00a0\u00bbhidden-tl\u00a0\u00bb][vc_column_text el_class=\u00a0\u00bbtekstilaatikko\u00a0\u00bb css=\u00a0\u00bb.vc_custom_1538459150166{margin-bottom: 0px !important;}\u00a0\u00bb]\n<h3>Habitation inspirante \u00e0 Paris!<\/h3>\n<p>Des logements collectifs \u00e0 Romainville, en r\u00e9gion parisienne, ont une fa\u00e7ade orn\u00e9e de vitrages de diff\u00e9rentes couleurs. L\u2019architecte du projet a profit\u00e9 brillamment d\u2019une palette de couleurs fortes avec le syst\u00e8me COVER. La fa\u00e7ade cr\u00e9\u00e9e est inspirante. Le syst\u00e8me utilis\u00e9 est un syst\u00e8me de vitrage mobile sans cadre pour balcon en pleine hauteur, install\u00e9 derri\u00e8re des garde-corps.[\/vc_column_text][\/vc_column][vc_column width=\u00a0\u00bb1\/2&Prime;][mk_image_slideshow images=\u00a0\u00bb121,122&Prime; image_width=\u00a0\u00bb510&Prime; image_height=\u00a0\u00bb510&Prime; direction_nav=\u00a0\u00bbfalse\u00a0\u00bb][\/vc_column][\/vc_row][vc_row equal_columns=\u00a0\u00bbtrue\u00a0\u00bb attached=\u00a0\u00bbtrue\u00a0\u00bb el_class=\u00a0\u00bbrivi\u00a0\u00bb][vc_column width=\u00a0\u00bb1\/2&Prime;][mk_image_slideshow images=\u00a0\u00bb124,125&Prime; image_width=\u00a0\u00bb510&Prime; image_height=\u00a0\u00bb510&Prime; direction_nav=\u00a0\u00bbfalse\u00a0\u00bb][\/vc_column][vc_column width=\u00a0\u00bb1\/2&Prime; css=\u00a0\u00bb.vc_custom_1530089835274{padding-left: 20px !important;}\u00a0\u00bb][mk_padding_divider visibility=\u00a0\u00bbhidden-sm\u00a0\u00bb][mk_padding_divider size=\u00a0\u00bb30&Prime; visibility=\u00a0\u00bbhidden-tl\u00a0\u00bb][vc_column_text el_class=\u00a0\u00bbtekstilaatikko\u00a0\u00bb css=\u00a0\u00bb.vc_custom_1538459173646{margin-bottom: 0px !important;}\u00a0\u00bb]\n<h3>Prendre un bain dans le prolongement de l\u2019oc\u00e9an !<\/h3>\n<p>Dans les parties les plus m\u00e9ridionales des \u00c9tats-Unis, le syst\u00e8me COVER est souvent utilis\u00e9 comme mur ext\u00e9rieur de la propri\u00e9t\u00e9. Ainsi, l&rsquo;espace cr\u00e9e une vue d\u00e9gag\u00e9e avec la possibilit\u00e9 de combiner l&rsquo;espace int\u00e9rieur et ext\u00e9rieur comme souhait\u00e9. Dans ce projet du sud de la Californie, le syst\u00e8me de vitrage COVER pleine hauteur est install\u00e9 comme fermeture primaire de la chambre. Il est possible d&rsquo;ouvrir partiellement ou compl\u00e8tement le vitrage afin que la chambre puisse \u00eatre combin\u00e9e avec la terrasse ext\u00e9rieure.[\/vc_column_text][\/vc_column][\/vc_row]\n<\/div>","protected":false},"excerpt":{"rendered":"<p>[mk_page_section bg_position=\u00a0\u00bbcenter center\u00a0\u00bb bg_repeat=\u00a0\u00bbno-repeat\u00a0\u00bb bg_stretch=\u00a0\u00bbtrue\u00a0\u00bb enable_3d=\u00a0\u00bbtrue\u00a0\u00bb min_height=\u00a0\u00bb450&Prime; js_vertical_centered=\u00a0\u00bbtrue\u00a0\u00bb padding_top=\u00a0\u00bb0&Prime; padding_bottom=\u00a0\u00bb40&Prime; sidebar=\u00a0\u00bbsidebar-1&Prime;][vc_column][mk_image_slideshow images=\u00a0\u00bb128,127,126,274,275,276&Prime; image_width=\u00a0\u00bb1100&Prime; image_height=\u00a0\u00bb475&Prime; slideshow_speed=\u00a0\u00bb6000&Prime;][\/vc_column][\/mk_page_section][vc_row][vc_column width=\u00a0\u00bb1\/6&Prime;][\/vc_column][vc_column width=\u00a0\u00bb2\/3&Prime;][mk_padding_divider][vc_column_text css=\u00a0\u00bb.vc_custom_1538459085203{margin-bottom: 0px !important;}\u00a0\u00bb] INSPIRATIONS Des espaces in\u00e9dits avec pour seule limite l\u2019imagination ! Les solutions de vitrages COVER sont toujours de qualit\u00e9 et faciles \u00e0 manier. D\u00e9couvrez les solutions COVER. [\/vc_column_text][mk_padding_divider][\/vc_column][vc_column width=\u00a0\u00bb1\/6&Prime;][\/vc_column][\/vc_row][vc_row equal_columns=\u00a0\u00bbtrue\u00a0\u00bb attached=\u00a0\u00bbtrue\u00a0\u00bb css=\u00a0\u00bb.vc_custom_1530091442087{margin-bottom: 0px !important;border-bottom-width: 0px [&hellip;]<\/p>\n","protected":false},"author":1,"featured_media":0,"parent":0,"menu_order":0,"comment_status":"closed","ping_status":"closed","template":"","meta":{"footnotes":""},"class_list":["post-824","page","type-page","status-publish","hentry"],"_links":{"self":[{"href":"https:\/\/www.cover.fi\/fr\/wp-json\/wp\/v2\/pages\/824","targetHints":{"allow":["GET"]}}],"collection":[{"href":"https:\/\/www.cover.fi\/fr\/wp-json\/wp\/v2\/pages"}],"about":[{"href":"https:\/\/www.cover.fi\/fr\/wp-json\/wp\/v2\/types\/page"}],"author":[{"embeddable":true,"href":"https:\/\/www.cover.fi\/fr\/wp-json\/wp\/v2\/users\/1"}],"replies":[{"embeddable":true,"href":"https:\/\/www.cover.fi\/fr\/wp-json\/wp\/v2\/comments?post=824"}],"version-history":[{"count":0,"href":"https:\/\/www.cover.fi\/fr\/wp-json\/wp\/v2\/pages\/824\/revisions"}],"wp:attachment":[{"href":"https:\/\/www.cover.fi\/fr\/wp-json\/wp\/v2\/media?parent=824"}],"curies":[{"name":"wp","href":"https:\/\/api.w.org\/{rel}","templated":true}]}}