{"id":807,"date":"2018-10-02T08:34:53","date_gmt":"2018-10-02T05:34:53","guid":{"rendered":"http:\/\/cover.fi\/?page_id=807"},"modified":"2019-07-05T09:42:03","modified_gmt":"2019-07-05T06:42:03","slug":"auvent-en-verre","status":"publish","type":"page","link":"https:\/\/www.cover.fi\/fr\/produits\/auvent-en-verre\/","title":{"rendered":"Auvent en verre"},"content":{"rendered":"<div class=\"wpb-content-wrapper\">[mk_page_section bg_image=\u00a0\u00bbhttps:\/\/cover.fi\/wp-content\/uploads\/2018\/07\/coverglobal-lasikatos-kuva.png\u00a0\u00bb bg_position=\u00a0\u00bbcenter center\u00a0\u00bb bg_repeat=\u00a0\u00bbno-repeat\u00a0\u00bb bg_stretch=\u00a0\u00bbtrue\u00a0\u00bb enable_3d=\u00a0\u00bbtrue\u00a0\u00bb min_height=\u00a0\u00bb450&Prime; full_width=\u00a0\u00bbtrue\u00a0\u00bb padding_top=\u00a0\u00bb0&Prime; padding_bottom=\u00a0\u00bb40&Prime; sidebar=\u00a0\u00bbsidebar-1&Prime;][vc_column][\/vc_column][\/mk_page_section][vc_row][vc_column width=\u00a0\u00bb1\/6&Prime;][\/vc_column][vc_column width=\u00a0\u00bb2\/3&Prime;][mk_padding_divider][vc_column_text css=\u00a0\u00bb.vc_custom_1538458459437{margin-bottom: 0px !important;}\u00a0\u00bb]\n<h1 style=\"text-align: center;\">Auvent en verre<\/h1>\n<h3 style=\"text-align: center;\">L\u2019agencement de votre terrasse selon vos souhaits et vos go\u00fbts est possible. L\u2019ensemble de votre terrasse ou une partie seulement, peut \u00eatre am\u00e9nag\u00e9 en espace suppl\u00e9mentaire, en salle \u00e0 manger, en serre&#8230;Les possibilit\u00e9s sont illimit\u00e9es! Dormez \u00e0 la belle \u00e9toile, admirez la pleine lune ou profitez d\u2019une soir\u00e9e avec vos proches.<\/h3>\n[\/vc_column_text][mk_padding_divider][\/vc_column][vc_column width=\u00a0\u00bb1\/6&Prime;][\/vc_column][\/vc_row][vc_row equal_columns=\u00a0\u00bbtrue\u00a0\u00bb attached=\u00a0\u00bbtrue\u00a0\u00bb css=\u00a0\u00bb.vc_custom_1530091442087{margin-bottom: 0px !important;border-bottom-width: 0px !important;padding-bottom: 0px !important;}\u00a0\u00bb el_class=\u00a0\u00bbrivi\u00a0\u00bb][vc_column width=\u00a0\u00bb1\/2&Prime; css=\u00a0\u00bb.vc_custom_1530089966823{padding-top: 0px !important;padding-right: 0px !important;padding-bottom: 0px !important;padding-left: 0px !important;}\u00a0\u00bb][mk_image src=\u00a0\u00bbhttps:\/\/cover.fi\/wp-content\/uploads\/2019\/01\/lasikatos-01.jpg\u00a0\u00bb image_size=\u00a0\u00bbfull\u00a0\u00bb el_class=\u00a0\u00bbtuotefiilis\u00a0\u00bb][\/vc_column][vc_column width=\u00a0\u00bb1\/2&Prime; css=\u00a0\u00bb.vc_custom_1530089975080{padding-top: 0px !important;padding-right: 20px !important;padding-bottom: 0px !important;padding-left: 0px !important;}\u00a0\u00bb][mk_padding_divider size=\u00a0\u00bb15&Prime;][vc_column_text el_class=\u00a0\u00bbtekstilaatikko\u00a0\u00bb css=\u00a0\u00bb.vc_custom_1538458478298{margin-bottom: 0px !important;}\u00a0\u00bb]POURQUOI L\u2019AUVENT EN VERRE COVER?<br \/>\n\u00c9l\u00e9gant et sans maintenance n\u00e9cessaire, la structure en aluminium de l\u2019auvent a \u00e9t\u00e9 con\u00e7ue selon les normes de vent et neige finlandaises.<\/p>\n<p>Vous pouvez adapter l\u2019auvent vitr\u00e9 selon diff\u00e9rentes teintures, en fonction des couleurs de votre logement. Vous pouvez compl\u00e9ter la personnalisation en ajoutant un vitrage COVER selon vos exigences. Avec une terrasse compl\u00e8tement vitr\u00e9e, vous pourriez profiter pleinement de cet espace en famille ou entre amis, sans vous soucier des intemp\u00e9ries.[\/vc_column_text][\/vc_column][\/vc_row][vc_row equal_columns=\u00a0\u00bbtrue\u00a0\u00bb attached=\u00a0\u00bbtrue\u00a0\u00bb el_class=\u00a0\u00bbrivi\u00a0\u00bb][vc_column width=\u00a0\u00bb1\/2&Prime; css=\u00a0\u00bb.vc_custom_1530089835274{padding-left: 20px !important;}\u00a0\u00bb][mk_padding_divider size=\u00a0\u00bb15&Prime;][vc_column_text el_class=\u00a0\u00bbtekstilaatikko\u00a0\u00bb css=\u00a0\u00bb.vc_custom_1538458490119{margin-bottom: 0px !important;}\u00a0\u00bb]La combinaison des syst\u00e8mes de vitrage COVER et de l\u2019auvent vitr\u00e9 COVER vous permettent de profiter de l\u2019environnement ext\u00e9rieur, tout en \u00e9tant prot\u00e9g\u00e9 des intemp\u00e9ries et des nuisances sonores.[\/vc_column_text][\/vc_column][vc_column width=\u00a0\u00bb1\/2&Prime;][mk_image src=\u00a0\u00bbhttps:\/\/cover.fi\/wp-content\/uploads\/2019\/01\/lasikatos-02.jpg\u00a0\u00bb image_size=\u00a0\u00bbfull\u00a0\u00bb el_class=\u00a0\u00bbtuotefiilis\u00a0\u00bb][\/vc_column][\/vc_row][vc_row equal_columns=\u00a0\u00bbtrue\u00a0\u00bb attached=\u00a0\u00bbtrue\u00a0\u00bb el_class=\u00a0\u00bbrivi\u00a0\u00bb][vc_column width=\u00a0\u00bb1\/2&Prime; css=\u00a0\u00bb.vc_custom_1530089835274{padding-left: 20px !important;}\u00a0\u00bb][vc_video link=\u00a0\u00bbhttps:\/\/www.youtube.com\/watch?v=jmHPFY997zw\u00a0\u00bb][mk_padding_divider size=\u00a0\u00bb15&Prime;][\/vc_column][vc_column width=\u00a0\u00bb1\/2&Prime;][\/vc_column][\/vc_row][mk_page_section full_width=\u00a0\u00bbtrue\u00a0\u00bb js_vertical_centered=\u00a0\u00bbtrue\u00a0\u00bb padding_top=\u00a0\u00bb30&Prime; padding_bottom=\u00a0\u00bb0&Prime; top_shape_size=\u00a0\u00bbsmall\u00a0\u00bb top_shape_color=\u00a0\u00bb#ffffff\u00a0\u00bb top_shape_bg_color=\u00a0\u00bb#dd3333&Prime; sidebar=\u00a0\u00bbsidebar-1&Prime;][vc_column][rev_slider_vc alias=\u00a0\u00bblasikatos\u00a0\u00bb][\/vc_column][\/mk_page_section]\n<\/div>","protected":false},"excerpt":{"rendered":"<p>[mk_page_section bg_image=\u00a0\u00bbhttps:\/\/cover.fi\/wp-content\/uploads\/2018\/07\/coverglobal-lasikatos-kuva.png\u00a0\u00bb bg_position=\u00a0\u00bbcenter center\u00a0\u00bb bg_repeat=\u00a0\u00bbno-repeat\u00a0\u00bb bg_stretch=\u00a0\u00bbtrue\u00a0\u00bb enable_3d=\u00a0\u00bbtrue\u00a0\u00bb min_height=\u00a0\u00bb450&Prime; full_width=\u00a0\u00bbtrue\u00a0\u00bb padding_top=\u00a0\u00bb0&Prime; padding_bottom=\u00a0\u00bb40&Prime; sidebar=\u00a0\u00bbsidebar-1&Prime;][vc_column][\/vc_column][\/mk_page_section][vc_row][vc_column width=\u00a0\u00bb1\/6&Prime;][\/vc_column][vc_column width=\u00a0\u00bb2\/3&Prime;][mk_padding_divider][vc_column_text css=\u00a0\u00bb.vc_custom_1538458459437{margin-bottom: 0px !important;}\u00a0\u00bb] Auvent en verre L\u2019agencement de votre terrasse selon vos souhaits et vos go\u00fbts est possible. L\u2019ensemble de votre terrasse ou une partie seulement, peut \u00eatre am\u00e9nag\u00e9 en espace suppl\u00e9mentaire, en salle \u00e0 manger, en serre&#8230;Les possibilit\u00e9s sont illimit\u00e9es! [&hellip;]<\/p>\n","protected":false},"author":1,"featured_media":0,"parent":801,"menu_order":0,"comment_status":"closed","ping_status":"closed","template":"","meta":{"footnotes":""},"class_list":["post-807","page","type-page","status-publish","hentry"],"_links":{"self":[{"href":"https:\/\/www.cover.fi\/fr\/wp-json\/wp\/v2\/pages\/807","targetHints":{"allow":["GET"]}}],"collection":[{"href":"https:\/\/www.cover.fi\/fr\/wp-json\/wp\/v2\/pages"}],"about":[{"href":"https:\/\/www.cover.fi\/fr\/wp-json\/wp\/v2\/types\/page"}],"author":[{"embeddable":true,"href":"https:\/\/www.cover.fi\/fr\/wp-json\/wp\/v2\/users\/1"}],"replies":[{"embeddable":true,"href":"https:\/\/www.cover.fi\/fr\/wp-json\/wp\/v2\/comments?post=807"}],"version-history":[{"count":0,"href":"https:\/\/www.cover.fi\/fr\/wp-json\/wp\/v2\/pages\/807\/revisions"}],"up":[{"embeddable":true,"href":"https:\/\/www.cover.fi\/fr\/wp-json\/wp\/v2\/pages\/801"}],"wp:attachment":[{"href":"https:\/\/www.cover.fi\/fr\/wp-json\/wp\/v2\/media?parent=807"}],"curies":[{"name":"wp","href":"https:\/\/api.w.org\/{rel}","templated":true}]}}