{"id":798,"date":"2018-10-02T08:26:04","date_gmt":"2018-10-02T05:26:04","guid":{"rendered":"http:\/\/cover.fi\/?page_id=798"},"modified":"2019-07-05T09:15:05","modified_gmt":"2019-07-05T06:15:05","slug":"accueil","status":"publish","type":"page","link":"https:\/\/www.cover.fi\/fr\/","title":{"rendered":"Accueil"},"content":{"rendered":"<div class=\"wpb-content-wrapper\">[mk_page_section bg_image=\u00a0\u00bbhttp:\/\/cover.fi\/wp-content\/uploads\/2018\/09\/cover-etusivu-v5.jpg\u00a0\u00bb bg_position=\u00a0\u00bbcenter center\u00a0\u00bb bg_stretch=\u00a0\u00bbtrue\u00a0\u00bb enable_3d=\u00a0\u00bbtrue\u00a0\u00bb min_height=\u00a0\u00bb475&Prime; full_width=\u00a0\u00bbtrue\u00a0\u00bb padding_top=\u00a0\u00bb0&Prime; padding_bottom=\u00a0\u00bb40&Prime; sidebar=\u00a0\u00bbsidebar-1&Prime;][vc_column][\/vc_column][\/mk_page_section][vc_row][vc_column width=\u00a0\u00bb1\/6&Prime;][\/vc_column][vc_column width=\u00a0\u00bb2\/3&Prime;][mk_padding_divider][vc_column_text css=\u00a0\u00bb.vc_custom_1538457918042{margin-bottom: 0px !important;}\u00a0\u00bb]\n<h1 style=\"text-align: center;\">Solutions finlandaises de vitrage, depuis 1985.<\/h1>\n<h3 style=\"text-align: center;\">COVER est le pionnier mondial sur le march\u00e9 du vitrage mobile sans cadre pour balcon.<br \/>\nNous sommes n\u00e9s afin de cr\u00e9er un monde transparent. Rejoignez-nous! Nous sommes ouverts et positifs. Nous vous offrons, \u00e0 votre soci\u00e9t\u00e9 et \u00e0 vous-m\u00eame, des produits modernes et de qualit\u00e9. Notre personnel qualifi\u00e9 est \u00e0 votre \u00e9coute et \u00e0 votre service.<\/h3>\n[\/vc_column_text][mk_button dimension=\u00a0\u00bbflat\u00a0\u00bb corner_style=\u00a0\u00bbrounded\u00a0\u00bb size=\u00a0\u00bblarge\u00a0\u00bb letter_spacing=\u00a0\u00bb1&Prime; url=\u00a0\u00bbproduits\u00a0\u00bb align=\u00a0\u00bbcenter\u00a0\u00bb margin_top=\u00a0\u00bb15&Prime;]Faites connaissance avec nos produits[\/mk_button][vc_column_text css=\u00a0\u00bb.vc_custom_1536214226110{margin-bottom: 0px !important;}\u00a0\u00bb]\n<p>&nbsp;<\/p>\n<p style=\"text-align: center;\"><img loading=\"lazy\" decoding=\"async\" class=\"alignnone size-full wp-image-265\" src=\"https:\/\/cover.fi\/wp-content\/uploads\/2018\/09\/cover-overlap.png\" alt=\"\" width=\"480\" height=\"208\" srcset=\"https:\/\/www.cover.fi\/wp-content\/uploads\/2018\/09\/cover-overlap.png 960w, https:\/\/www.cover.fi\/wp-content\/uploads\/2018\/09\/cover-overlap-300x130.png 300w, https:\/\/www.cover.fi\/wp-content\/uploads\/2018\/09\/cover-overlap-768x333.png 768w\" sizes=\"auto, (max-width: 480px) 100vw, 480px\" \/><\/p>\n<p style=\"text-align: center;\"><img loading=\"lazy\" decoding=\"async\" class=\"aligncenter wp-image-23 \" src=\"https:\/\/cover.fi\/wp-content\/uploads\/2018\/06\/artwork-16.svg\" alt=\"\" width=\"239\" height=\"135\" \/><\/p>\n[\/vc_column_text][\/vc_column][vc_column width=\u00a0\u00bb1\/6&Prime;][\/vc_column][\/vc_row]\n<\/div>","protected":false},"excerpt":{"rendered":"<p>[mk_page_section bg_image=\u00a0\u00bbhttp:\/\/cover.fi\/wp-content\/uploads\/2018\/09\/cover-etusivu-v5.jpg\u00a0\u00bb bg_position=\u00a0\u00bbcenter center\u00a0\u00bb bg_stretch=\u00a0\u00bbtrue\u00a0\u00bb enable_3d=\u00a0\u00bbtrue\u00a0\u00bb min_height=\u00a0\u00bb475&Prime; full_width=\u00a0\u00bbtrue\u00a0\u00bb padding_top=\u00a0\u00bb0&Prime; padding_bottom=\u00a0\u00bb40&Prime; sidebar=\u00a0\u00bbsidebar-1&Prime;][vc_column][\/vc_column][\/mk_page_section][vc_row][vc_column width=\u00a0\u00bb1\/6&Prime;][\/vc_column][vc_column width=\u00a0\u00bb2\/3&Prime;][mk_padding_divider][vc_column_text css=\u00a0\u00bb.vc_custom_1538457918042{margin-bottom: 0px !important;}\u00a0\u00bb] Solutions finlandaises de vitrage, depuis 1985. COVER est le pionnier mondial sur le march\u00e9 du vitrage mobile sans cadre pour balcon. Nous sommes n\u00e9s afin de cr\u00e9er un monde transparent. Rejoignez-nous! Nous sommes ouverts et positifs. Nous vous offrons, [&hellip;]<\/p>\n","protected":false},"author":1,"featured_media":0,"parent":0,"menu_order":0,"comment_status":"closed","ping_status":"closed","template":"","meta":{"footnotes":""},"class_list":["post-798","page","type-page","status-publish","hentry"],"_links":{"self":[{"href":"https:\/\/www.cover.fi\/fr\/wp-json\/wp\/v2\/pages\/798","targetHints":{"allow":["GET"]}}],"collection":[{"href":"https:\/\/www.cover.fi\/fr\/wp-json\/wp\/v2\/pages"}],"about":[{"href":"https:\/\/www.cover.fi\/fr\/wp-json\/wp\/v2\/types\/page"}],"author":[{"embeddable":true,"href":"https:\/\/www.cover.fi\/fr\/wp-json\/wp\/v2\/users\/1"}],"replies":[{"embeddable":true,"href":"https:\/\/www.cover.fi\/fr\/wp-json\/wp\/v2\/comments?post=798"}],"version-history":[{"count":0,"href":"https:\/\/www.cover.fi\/fr\/wp-json\/wp\/v2\/pages\/798\/revisions"}],"wp:attachment":[{"href":"https:\/\/www.cover.fi\/fr\/wp-json\/wp\/v2\/media?parent=798"}],"curies":[{"name":"wp","href":"https:\/\/api.w.org\/{rel}","templated":true}]}}