{"id":462,"date":"2018-09-18T10:44:34","date_gmt":"2018-09-18T07:44:34","guid":{"rendered":"http:\/\/cover.fi\/?page_id=462"},"modified":"2019-07-05T09:42:17","modified_gmt":"2019-07-05T06:42:17","slug":"glasdaecher","status":"publish","type":"page","link":"https:\/\/www.cover.fi\/de\/produkte\/glasdaecher\/","title":{"rendered":"Glassd\u00e4cher"},"content":{"rendered":"<div class=\"wpb-content-wrapper\">[mk_page_section bg_image=&#8220;https:\/\/cover.fi\/wp-content\/uploads\/2018\/07\/coverglobal-lasikatos-kuva.png&#8220; bg_position=&#8220;center center&#8220; bg_repeat=&#8220;no-repeat&#8220; bg_stretch=&#8220;true&#8220; enable_3d=&#8220;true&#8220; min_height=&#8220;450&#8243; full_width=&#8220;true&#8220; padding_top=&#8220;0&#8243; padding_bottom=&#8220;40&#8243; sidebar=&#8220;sidebar-1&#8243;][vc_column][\/vc_column][\/mk_page_section][vc_row][vc_column width=&#8220;1\/6&#8243;][\/vc_column][vc_column width=&#8220;2\/3&#8243;][mk_padding_divider][vc_column_text css=&#8220;.vc_custom_1538394161154{margin-bottom: 0px !important;}&#8220;]\n<h1 style=\"text-align: center;\">Glassd\u00e4cher<\/h1>\n<h3 style=\"text-align: center;\">Ganz nach Ihrem Geschmack k\u00f6nnen Sie eine beeindruckende Terrassengesamtheit errichten. Die Gesamtheit kann an Terrasse oder am Geb\u00e4ude als zus\u00e4tzlicher Raum, Essplatz, Pflanzenoase errichtet werden\u2026 die M\u00f6glichkeiten kennen keine Grenzen! Schlafen Sie unter dem Sternenhimmel, bewundern Sie den Vollmond oder verbringen Sie einen gem\u00fctlichen Abend mit Freunden.<\/h3>\n[\/vc_column_text][mk_padding_divider][\/vc_column][vc_column width=&#8220;1\/6&#8243;][\/vc_column][\/vc_row][vc_row equal_columns=&#8220;true&#8220; attached=&#8220;true&#8220; css=&#8220;.vc_custom_1530091442087{margin-bottom: 0px !important;border-bottom-width: 0px !important;padding-bottom: 0px !important;}&#8220; el_class=&#8220;rivi&#8220;][vc_column width=&#8220;1\/2&#8243; css=&#8220;.vc_custom_1530089966823{padding-top: 0px !important;padding-right: 0px !important;padding-bottom: 0px !important;padding-left: 0px !important;}&#8220;][mk_image src=&#8220;https:\/\/cover.fi\/wp-content\/uploads\/2019\/01\/lasikatos-01.jpg&#8220; image_size=&#8220;full&#8220; el_class=&#8220;tuotefiilis&#8220;][\/vc_column][vc_column width=&#8220;1\/2&#8243; css=&#8220;.vc_custom_1530089975080{padding-top: 0px !important;padding-right: 20px !important;padding-bottom: 0px !important;padding-left: 0px !important;}&#8220;][mk_padding_divider size=&#8220;15&#8243;][vc_column_text el_class=&#8220;tekstilaatikko&#8220; css=&#8220;.vc_custom_1538394174857{margin-bottom: 0px !important;}&#8220;]WARUM EINE GLASTERRASSE VON COVER?<\/p>\n<p>Die elegante und wartungsfreie, aus Aluminium errichtete COVER-Glasterrasse wurde unter Ber\u00fccksichtigung der finnischen Wind- und Schneelasten entworfen. Mit den verschiedenen Farbalternativen f\u00fcr Rahmen und Verglasung k\u00f6nnen Sie die Terrasse passend zu Ihrer Geb\u00e4udefassade gestalten. Erg\u00e4nzen k\u00f6nnen Sie Ihr Konzept, indem Sie ein COVER-Verglasungssystem mit den gew\u00fcnschten Eigenschaften ausw\u00e4hlen. Mit einer komplett verglasten Terrasse k\u00f6nnen Sie das Beisammensein mit Familie und Freunden genie\u00dfen, w\u00e4hrend Wind und Regen drau\u00dfen bleiben.[\/vc_column_text][\/vc_column][\/vc_row][vc_row equal_columns=&#8220;true&#8220; attached=&#8220;true&#8220; el_class=&#8220;rivi&#8220;][vc_column width=&#8220;1\/2&#8243; css=&#8220;.vc_custom_1530089835274{padding-left: 20px !important;}&#8220;][mk_padding_divider size=&#8220;15&#8243;][vc_column_text el_class=&#8220;tekstilaatikko&#8220; css=&#8220;.vc_custom_1538394184696{margin-bottom: 0px !important;}&#8220;]Mit einem COVER-Glasdach und einer COVER-Terrassenverglasung schaffen Sie einen Raum, in dem Sie Teil der Umgebung, aber gleichzeitig gesch\u00fctzt vor \u00e4u\u00dferer Witterung und L\u00e4rm sind.[\/vc_column_text][\/vc_column][vc_column width=&#8220;1\/2&#8243;][mk_image src=&#8220;https:\/\/cover.fi\/wp-content\/uploads\/2019\/01\/lasikatos-02.jpg&#8220; image_size=&#8220;full&#8220; el_class=&#8220;tuotefiilis&#8220;][\/vc_column][\/vc_row][vc_row equal_columns=&#8220;true&#8220; attached=&#8220;true&#8220; el_class=&#8220;rivi&#8220;][vc_column width=&#8220;1\/2&#8243; css=&#8220;.vc_custom_1530089835274{padding-left: 20px !important;}&#8220;][vc_video link=&#8220;https:\/\/www.youtube.com\/watch?v=jmHPFY997zw&#8220;][mk_padding_divider size=&#8220;15&#8243;][\/vc_column][vc_column width=&#8220;1\/2&#8243;][\/vc_column][\/vc_row][mk_page_section full_width=&#8220;true&#8220; js_vertical_centered=&#8220;true&#8220; padding_top=&#8220;30&#8243; padding_bottom=&#8220;0&#8243; top_shape_size=&#8220;small&#8220; top_shape_color=&#8220;#ffffff&#8220; top_shape_bg_color=&#8220;#dd3333&#8243; sidebar=&#8220;sidebar-1&#8243;][vc_column][rev_slider_vc alias=&#8220;lasikatos&#8220;][\/vc_column][\/mk_page_section]\n<\/div>","protected":false},"excerpt":{"rendered":"<p>[mk_page_section bg_image=&#8220;https:\/\/cover.fi\/wp-content\/uploads\/2018\/07\/coverglobal-lasikatos-kuva.png&#8220; bg_position=&#8220;center center&#8220; bg_repeat=&#8220;no-repeat&#8220; bg_stretch=&#8220;true&#8220; enable_3d=&#8220;true&#8220; min_height=&#8220;450&#8243; full_width=&#8220;true&#8220; padding_top=&#8220;0&#8243; padding_bottom=&#8220;40&#8243; sidebar=&#8220;sidebar-1&#8243;][vc_column][\/vc_column][\/mk_page_section][vc_row][vc_column width=&#8220;1\/6&#8243;][\/vc_column][vc_column width=&#8220;2\/3&#8243;][mk_padding_divider][vc_column_text css=&#8220;.vc_custom_1538394161154{margin-bottom: 0px !important;}&#8220;] Glassd\u00e4cher Ganz nach Ihrem Geschmack k\u00f6nnen Sie eine beeindruckende Terrassengesamtheit errichten. Die Gesamtheit kann an Terrasse oder am Geb\u00e4ude als zus\u00e4tzlicher Raum, Essplatz, Pflanzenoase errichtet werden\u2026 die M\u00f6glichkeiten kennen keine Grenzen! Schlafen Sie unter dem Sternenhimmel, bewundern Sie [&hellip;]<\/p>\n","protected":false},"author":1,"featured_media":0,"parent":445,"menu_order":0,"comment_status":"closed","ping_status":"closed","template":"","meta":{"footnotes":""},"class_list":["post-462","page","type-page","status-publish","hentry"],"_links":{"self":[{"href":"https:\/\/www.cover.fi\/de\/wp-json\/wp\/v2\/pages\/462","targetHints":{"allow":["GET"]}}],"collection":[{"href":"https:\/\/www.cover.fi\/de\/wp-json\/wp\/v2\/pages"}],"about":[{"href":"https:\/\/www.cover.fi\/de\/wp-json\/wp\/v2\/types\/page"}],"author":[{"embeddable":true,"href":"https:\/\/www.cover.fi\/de\/wp-json\/wp\/v2\/users\/1"}],"replies":[{"embeddable":true,"href":"https:\/\/www.cover.fi\/de\/wp-json\/wp\/v2\/comments?post=462"}],"version-history":[{"count":0,"href":"https:\/\/www.cover.fi\/de\/wp-json\/wp\/v2\/pages\/462\/revisions"}],"up":[{"embeddable":true,"href":"https:\/\/www.cover.fi\/de\/wp-json\/wp\/v2\/pages\/445"}],"wp:attachment":[{"href":"https:\/\/www.cover.fi\/de\/wp-json\/wp\/v2\/media?parent=462"}],"curies":[{"name":"wp","href":"https:\/\/api.w.org\/{rel}","templated":true}]}}