{"id":450,"date":"2018-09-18T10:34:42","date_gmt":"2018-09-18T07:34:42","guid":{"rendered":"http:\/\/cover.fi\/?page_id=450"},"modified":"2019-07-05T09:45:42","modified_gmt":"2019-07-05T06:45:42","slug":"balkonverglasung","status":"publish","type":"page","link":"https:\/\/www.cover.fi\/de\/produkte\/balkonverglasung\/","title":{"rendered":"Balkonverglasung"},"content":{"rendered":"<div class=\"wpb-content-wrapper\">[mk_page_section bg_image=&#8220;https:\/\/cover.fi\/wp-content\/uploads\/2018\/06\/parvekekuva.jpg&#8220; bg_position=&#8220;center center&#8220; bg_repeat=&#8220;no-repeat&#8220; bg_stretch=&#8220;true&#8220; enable_3d=&#8220;true&#8220; min_height=&#8220;450&#8243; full_width=&#8220;true&#8220; padding_top=&#8220;0&#8243; padding_bottom=&#8220;40&#8243; sidebar=&#8220;sidebar-1&#8243;][vc_column][\/vc_column][\/mk_page_section][vc_row][vc_column width=&#8220;1\/6&#8243;][\/vc_column][vc_column width=&#8220;2\/3&#8243;][mk_padding_divider][vc_column_text css=&#8220;.vc_custom_1538393861755{margin-bottom: 0px !important;}&#8220;]\n<h1 style=\"text-align: center;\">Balkonverglasung<\/h1>\n<h3 style=\"text-align: center;\">Das hochwertige und stilvolle rahmenlose COVER-Balkonverglasungssystem eignet sich f\u00fcr Balkone verschiedenster Formgebung. So k\u00f6nnen Sie sich  einen eleganten Aussenraum  oder eine wahre Balkon-Oase einrichten und genie\u00dfen. COVER-Balkongl\u00e4ser sind resistent selbst bei h\u00e4rtesten Witterungsverh\u00e4ltnissen.<\/h3>\n[\/vc_column_text][mk_padding_divider][\/vc_column][vc_column width=&#8220;1\/6&#8243;][\/vc_column][\/vc_row][vc_row equal_columns=&#8220;true&#8220; attached=&#8220;true&#8220; css=&#8220;.vc_custom_1530091442087{margin-bottom: 0px !important;border-bottom-width: 0px !important;padding-bottom: 0px !important;}&#8220; el_class=&#8220;rivi&#8220;][vc_column width=&#8220;1\/2&#8243; css=&#8220;.vc_custom_1530089975080{padding-top: 0px !important;padding-right: 20px !important;padding-bottom: 0px !important;padding-left: 0px !important;}&#8220;][mk_padding_divider size=&#8220;15&#8243;][vc_column_text el_class=&#8220;tekstilaatikko&#8220; css=&#8220;.vc_custom_1538393872814{margin-bottom: 0px !important;}&#8220;]Bei sonnigem Wetter l\u00e4sst sich die COVER-Balkonverglasung leicht \u00f6ffnen, und teilweise oder vollst\u00e4ndig aufschieben. Bei Regen, Wind oder Frost l\u00e4sst sich die Balkonverglasung leicht und schnell schlie\u00dfen. Die Verglasung sch\u00fctzt Ihre Balkonm\u00f6bel und vermindert erheblich den Aufwand f\u00fcr Reinigung und Instandhaltung des Balkons. Die Verglasung fungiert im Bereich des Balkons als Windfang und verbessert somit gleichzeitig die Geb\u00e4ude- Energieeffizienz.<\/p>\n<p>Dank ihrer \u00e4u\u00dferst hochwertigen Horizontallaufwerke lassen sich COVER-Balkonverglasungen nicht nur an geraden, sondern auch an eckig verlaufenden oder gerundeten Balkonen anbringen.[\/vc_column_text][\/vc_column][vc_column width=&#8220;1\/2&#8243; css=&#8220;.vc_custom_1530089966823{padding-top: 0px !important;padding-right: 0px !important;padding-bottom: 0px !important;padding-left: 0px !important;}&#8220;][mk_image src=&#8220;https:\/\/cover.fi\/wp-content\/uploads\/2019\/01\/parvekelasitus-01.jpg&#8220; image_size=&#8220;full&#8220; el_class=&#8220;tuotefiilis&#8220;][\/vc_column][\/vc_row][vc_row equal_columns=&#8220;true&#8220; attached=&#8220;true&#8220; el_class=&#8220;rivi&#8220;][vc_column width=&#8220;1\/2&#8243;][mk_image src=&#8220;https:\/\/cover.fi\/wp-content\/uploads\/2019\/01\/parvekelasitus-02.jpg&#8220; image_size=&#8220;full&#8220; el_class=&#8220;tuotefiilis&#8220;][\/vc_column][vc_column width=&#8220;1\/2&#8243; css=&#8220;.vc_custom_1530089835274{padding-left: 20px !important;}&#8220;][mk_padding_divider size=&#8220;15&#8243;][vc_column_text el_class=&#8220;tekstilaatikko&#8220; css=&#8220;.vc_custom_1542195558889{margin-bottom: 0px !important;}&#8220;]Die Balkonverglasungen sind leicht zu bedienen, elegant und  von hoher Qualit\u00e4t \u2013 die Glaselemente lassen sich leicht sogar \u00fcber verschiedenf\u00f6rmige Ecken schieben.<\/p>\n<p>Das COVER-Balkonverglasungssystem hat die europaweite technische Zulassung erhalten, die zum Tragen des CE-Kennzeichens berechtigt. Dadurch k\u00f6nnen Sie sich darauf verlassen, dass das Cover-System eine sichere Wahl zum Schutz Ihrer zus\u00e4tzlichen Wohnfl\u00e4che bedeutet und Ihnen eine ungest\u00f6rte Sicht nach drau\u00dfen gew\u00e4hrleistet.[\/vc_column_text][\/vc_column][\/vc_row][vc_row equal_columns=&#8220;true&#8220; attached=&#8220;true&#8220; css=&#8220;.vc_custom_1530091442087{margin-bottom: 0px !important;border-bottom-width: 0px !important;padding-bottom: 0px !important;}&#8220; el_class=&#8220;rivi&#8220;][vc_column width=&#8220;1\/2&#8243; css=&#8220;.vc_custom_1530089975080{padding-top: 0px !important;padding-right: 20px !important;padding-bottom: 0px !important;padding-left: 0px !important;}&#8220;][\/vc_column][vc_column width=&#8220;1\/2&#8243; css=&#8220;.vc_custom_1530089966823{padding-top: 0px !important;padding-right: 0px !important;padding-bottom: 0px !important;padding-left: 0px !important;}&#8220;][vc_video link=&#8220;https:\/\/www.youtube.com\/watch?v=C-fEqyRX7QU&#8220;][mk_padding_divider size=&#8220;10&#8243; visibility=&#8220;hidden-sm&#8220;][\/vc_column][\/vc_row][mk_page_section full_width=&#8220;true&#8220; js_vertical_centered=&#8220;true&#8220; padding_top=&#8220;30&#8243; padding_bottom=&#8220;0&#8243; top_shape_size=&#8220;small&#8220; top_shape_color=&#8220;#ffffff&#8220; top_shape_bg_color=&#8220;#dd3333&#8243; sidebar=&#8220;sidebar-1&#8243;][vc_column][rev_slider_vc alias=&#8220;parvekelasitus&#8220;][\/vc_column][\/mk_page_section]\n<\/div>","protected":false},"excerpt":{"rendered":"<p>[mk_page_section bg_image=&#8220;https:\/\/cover.fi\/wp-content\/uploads\/2018\/06\/parvekekuva.jpg&#8220; bg_position=&#8220;center center&#8220; bg_repeat=&#8220;no-repeat&#8220; bg_stretch=&#8220;true&#8220; enable_3d=&#8220;true&#8220; min_height=&#8220;450&#8243; full_width=&#8220;true&#8220; padding_top=&#8220;0&#8243; padding_bottom=&#8220;40&#8243; sidebar=&#8220;sidebar-1&#8243;][vc_column][\/vc_column][\/mk_page_section][vc_row][vc_column width=&#8220;1\/6&#8243;][\/vc_column][vc_column width=&#8220;2\/3&#8243;][mk_padding_divider][vc_column_text css=&#8220;.vc_custom_1538393861755{margin-bottom: 0px !important;}&#8220;] Balkonverglasung Das hochwertige und stilvolle rahmenlose COVER-Balkonverglasungssystem eignet sich f\u00fcr Balkone verschiedenster Formgebung. So k\u00f6nnen Sie sich einen eleganten Aussenraum oder eine wahre Balkon-Oase einrichten und genie\u00dfen. COVER-Balkongl\u00e4ser sind resistent selbst bei h\u00e4rtesten Witterungsverh\u00e4ltnissen. [\/vc_column_text][mk_padding_divider][\/vc_column][vc_column width=&#8220;1\/6&#8243;][\/vc_column][\/vc_row][vc_row equal_columns=&#8220;true&#8220; attached=&#8220;true&#8220; [&hellip;]<\/p>\n","protected":false},"author":1,"featured_media":0,"parent":445,"menu_order":0,"comment_status":"closed","ping_status":"closed","template":"","meta":{"footnotes":""},"class_list":["post-450","page","type-page","status-publish","hentry"],"_links":{"self":[{"href":"https:\/\/www.cover.fi\/de\/wp-json\/wp\/v2\/pages\/450","targetHints":{"allow":["GET"]}}],"collection":[{"href":"https:\/\/www.cover.fi\/de\/wp-json\/wp\/v2\/pages"}],"about":[{"href":"https:\/\/www.cover.fi\/de\/wp-json\/wp\/v2\/types\/page"}],"author":[{"embeddable":true,"href":"https:\/\/www.cover.fi\/de\/wp-json\/wp\/v2\/users\/1"}],"replies":[{"embeddable":true,"href":"https:\/\/www.cover.fi\/de\/wp-json\/wp\/v2\/comments?post=450"}],"version-history":[{"count":0,"href":"https:\/\/www.cover.fi\/de\/wp-json\/wp\/v2\/pages\/450\/revisions"}],"up":[{"embeddable":true,"href":"https:\/\/www.cover.fi\/de\/wp-json\/wp\/v2\/pages\/445"}],"wp:attachment":[{"href":"https:\/\/www.cover.fi\/de\/wp-json\/wp\/v2\/media?parent=450"}],"curies":[{"name":"wp","href":"https:\/\/api.w.org\/{rel}","templated":true}]}}