{"id":396,"date":"2018-09-18T09:00:13","date_gmt":"2018-09-18T06:00:13","guid":{"rendered":"http:\/\/cover.fi\/?page_id=396"},"modified":"2018-11-14T13:59:54","modified_gmt":"2018-11-14T11:59:54","slug":"inspirationen","status":"publish","type":"page","link":"https:\/\/www.cover.fi\/de\/inspirationen\/","title":{"rendered":"Inspirationen"},"content":{"rendered":"<div class=\"wpb-content-wrapper\">[mk_page_section bg_position=&#8220;center center&#8220; bg_repeat=&#8220;no-repeat&#8220; bg_stretch=&#8220;true&#8220; enable_3d=&#8220;true&#8220; min_height=&#8220;450&#8243; js_vertical_centered=&#8220;true&#8220; padding_top=&#8220;0&#8243; padding_bottom=&#8220;40&#8243; sidebar=&#8220;sidebar-1&#8243;][vc_column][mk_image_slideshow images=&#8220;128,127,126,274,275,276&#8243; image_width=&#8220;1100&#8243; image_height=&#8220;475&#8243; slideshow_speed=&#8220;6000&#8243;][\/vc_column][\/mk_page_section][vc_row][vc_column width=&#8220;1\/6&#8243;][\/vc_column][vc_column width=&#8220;2\/3&#8243;][mk_padding_divider][vc_column_text css=&#8220;.vc_custom_1538394535160{margin-bottom: 0px !important;}&#8220;]\n<h1 style=\"text-align: center;\">Inspirationen<\/h1>\n<h3 style=\"text-align: center;\">Beispiellose R\u00e4ume, nur Ihre Phantasie setzt Ihnen Grenzen!<br \/>\nCOVER-Verglasungen sind immer hochwertig und leichtg\u00e4ngig. Die Glaselemente bewegen sich leicht selbst \u00fcber unterschiedlich geformte Ecken. Lernen Sie die COVER-Verglasungssysteme kennen!<\/h3>\n[\/vc_column_text][mk_padding_divider][\/vc_column][vc_column width=&#8220;1\/6&#8243;][\/vc_column][\/vc_row][vc_row equal_columns=&#8220;true&#8220; attached=&#8220;true&#8220; css=&#8220;.vc_custom_1530091442087{margin-bottom: 0px !important;border-bottom-width: 0px !important;padding-bottom: 0px !important;}&#8220; el_class=&#8220;rivi&#8220;][vc_column width=&#8220;1\/2&#8243; css=&#8220;.vc_custom_1530089966823{padding-top: 0px !important;padding-right: 0px !important;padding-bottom: 0px !important;padding-left: 0px !important;}&#8220;][mk_image_slideshow images=&#8220;120,246&#8243; image_width=&#8220;510&#8243; image_height=&#8220;510&#8243; direction_nav=&#8220;false&#8220;][\/vc_column][vc_column width=&#8220;1\/2&#8243; css=&#8220;.vc_custom_1530089975080{padding-top: 0px !important;padding-right: 20px !important;padding-bottom: 0px !important;padding-left: 0px !important;}&#8220;][mk_padding_divider visibility=&#8220;hidden-sm&#8220;][mk_padding_divider size=&#8220;30&#8243; visibility=&#8220;hidden-tl&#8220;][vc_column_text el_class=&#8220;tekstilaatikko&#8220; css=&#8220;.vc_custom_1542196791593{margin-bottom: 0px !important;}&#8220;]\n<h3 style=\"text-align: left;\">Kochen am Saimaa-Strand in Finnland!<\/h3>\n<p style=\"text-align: left;\">Moderne, vom Geb\u00e4ude getrennte Sommerk\u00fcchen sind heutzutage in Finnland sehr beliebt. Die abgebildete, in Ruokolahti am Ufer des Saimaa-Sees errichtete moderne Sommerk\u00fcche passt sich harmonisch in die umgebende Natur ein. Als Grundmaterial f\u00fcr die Sommerk\u00fcche diente Holz, aus dem die Gastgeber zusammen mit Freunden die Rahmenkonstruktion errichtet haben. Auch Aluminium ist ein sehr beliebtes Rahmenmaterial. Auf der linken Seite der Sommerk\u00fcche wurden COVER-Schiebeglast\u00fcren eingebaut, um einen m\u00f6glichst einfachen Zugang zur K\u00fcche zu gew\u00e4hrleisten. An der Vorderseite befindet sich eine rahmenlose COVER-Terrassenverglasung, die einen gro\u00dfartigen ungest\u00f6rten Blick auf den See erm\u00f6glicht. Zur Maximierung des Ausblicks und des hereinstr\u00f6menden Lichts wurden auch fest eingebaute Gl\u00e4ser verwendet.<\/p>\n[\/vc_column_text][\/vc_column][\/vc_row][vc_row equal_columns=&#8220;true&#8220; attached=&#8220;true&#8220; el_class=&#8220;rivi&#8220;][vc_column width=&#8220;1\/2&#8243; css=&#8220;.vc_custom_1530089835274{padding-left: 20px !important;}&#8220;][mk_padding_divider visibility=&#8220;hidden-sm&#8220;][mk_padding_divider size=&#8220;30&#8243; visibility=&#8220;hidden-tl&#8220;][vc_column_text el_class=&#8220;tekstilaatikko&#8220; css=&#8220;.vc_custom_1538394591370{margin-bottom: 0px !important;}&#8220;]\n<h3>Inspirierendes Wohnen in Paris!<\/h3>\n<p>Im Pariser Stadtteil Romainville befindet sich ein Geb\u00e4udekomplex, dessen innenliegende Fassade durch verschiedenfarbige Gl\u00e4ser aufgelockert wird. Der Architekt setzte zur mutigen Verwirklichung der kr\u00e4ftigen Farbwelt zum Teil das COVER-System mit get\u00f6nten Gl\u00e4sern ein. Dadurch wurde eine stark strukturierte und inspirierende Fassade erzielt. Bei dem abgebildeten System handelt es sich um ein raumhohes rahmenloses COVER-Terrassenverglasungssystem, das hinter einem Stabgel\u00e4nder angebracht wurde.[\/vc_column_text][\/vc_column][vc_column width=&#8220;1\/2&#8243;][mk_image_slideshow images=&#8220;121,122&#8243; image_width=&#8220;510&#8243; image_height=&#8220;510&#8243; direction_nav=&#8220;false&#8220;][\/vc_column][\/vc_row][vc_row equal_columns=&#8220;true&#8220; attached=&#8220;true&#8220; el_class=&#8220;rivi&#8220;][vc_column width=&#8220;1\/2&#8243;][mk_image_slideshow images=&#8220;124,125&#8243; image_width=&#8220;510&#8243; image_height=&#8220;510&#8243; direction_nav=&#8220;false&#8220;][\/vc_column][vc_column width=&#8220;1\/2&#8243; css=&#8220;.vc_custom_1530089835274{padding-left: 20px !important;}&#8220;][mk_padding_divider visibility=&#8220;hidden-sm&#8220;][mk_padding_divider size=&#8220;30&#8243; visibility=&#8220;hidden-tl&#8220;][vc_column_text el_class=&#8220;tekstilaatikko&#8220; css=&#8220;.vc_custom_1538394609695{margin-bottom: 0px !important;}&#8220;]\n<h3>Baden am Ozean!<\/h3>\n<p>In den s\u00fcdlichsten Teilen der USA werden COVER-Verglasungssysteme manchmal als Teil der Geb\u00e4udeau\u00dfenwand eingesetzt. Auf diese Weise wird f\u00fcr den vorhandenen Raum eine unbehinderte Aussicht geschaffen sowie die M\u00f6glichkeit, auf Wunsch Innen- und Au\u00dfenraum zu verbinden. In dem abgebildeten Projekt in S\u00fcdkalifornien bildet ein raumhohes COVER Verglasungssystem die Au\u00dfenwand eines mit Badewanne ausgestatteten Schlafzimmers. Die Glasscheiben k\u00f6nnen teilweise oder ganz ge\u00f6ffnet werden und verbinden so das Schlafzimmer mit der Au\u00dfenterrasse zu einem gemeinsamen Raum.[\/vc_column_text][\/vc_column][\/vc_row]\n<\/div>","protected":false},"excerpt":{"rendered":"<p>[mk_page_section bg_position=&#8220;center center&#8220; bg_repeat=&#8220;no-repeat&#8220; bg_stretch=&#8220;true&#8220; enable_3d=&#8220;true&#8220; min_height=&#8220;450&#8243; js_vertical_centered=&#8220;true&#8220; padding_top=&#8220;0&#8243; padding_bottom=&#8220;40&#8243; sidebar=&#8220;sidebar-1&#8243;][vc_column][mk_image_slideshow images=&#8220;128,127,126,274,275,276&#8243; image_width=&#8220;1100&#8243; image_height=&#8220;475&#8243; slideshow_speed=&#8220;6000&#8243;][\/vc_column][\/mk_page_section][vc_row][vc_column width=&#8220;1\/6&#8243;][\/vc_column][vc_column width=&#8220;2\/3&#8243;][mk_padding_divider][vc_column_text css=&#8220;.vc_custom_1538394535160{margin-bottom: 0px !important;}&#8220;] Inspirationen Beispiellose R\u00e4ume, nur Ihre Phantasie setzt Ihnen Grenzen! COVER-Verglasungen sind immer hochwertig und leichtg\u00e4ngig. Die Glaselemente bewegen sich leicht selbst \u00fcber unterschiedlich geformte Ecken. Lernen Sie die COVER-Verglasungssysteme kennen! [\/vc_column_text][mk_padding_divider][\/vc_column][vc_column width=&#8220;1\/6&#8243;][\/vc_column][\/vc_row][vc_row equal_columns=&#8220;true&#8220; attached=&#8220;true&#8220; css=&#8220;.vc_custom_1530091442087{margin-bottom: [&hellip;]<\/p>\n","protected":false},"author":1,"featured_media":0,"parent":0,"menu_order":0,"comment_status":"closed","ping_status":"closed","template":"","meta":{"footnotes":""},"class_list":["post-396","page","type-page","status-publish","hentry"],"_links":{"self":[{"href":"https:\/\/www.cover.fi\/de\/wp-json\/wp\/v2\/pages\/396","targetHints":{"allow":["GET"]}}],"collection":[{"href":"https:\/\/www.cover.fi\/de\/wp-json\/wp\/v2\/pages"}],"about":[{"href":"https:\/\/www.cover.fi\/de\/wp-json\/wp\/v2\/types\/page"}],"author":[{"embeddable":true,"href":"https:\/\/www.cover.fi\/de\/wp-json\/wp\/v2\/users\/1"}],"replies":[{"embeddable":true,"href":"https:\/\/www.cover.fi\/de\/wp-json\/wp\/v2\/comments?post=396"}],"version-history":[{"count":0,"href":"https:\/\/www.cover.fi\/de\/wp-json\/wp\/v2\/pages\/396\/revisions"}],"wp:attachment":[{"href":"https:\/\/www.cover.fi\/de\/wp-json\/wp\/v2\/media?parent=396"}],"curies":[{"name":"wp","href":"https:\/\/api.w.org\/{rel}","templated":true}]}}