{"id":393,"date":"2018-09-18T08:57:06","date_gmt":"2018-09-18T05:57:06","guid":{"rendered":"http:\/\/cover.fi\/?page_id=393"},"modified":"2022-05-13T12:02:04","modified_gmt":"2022-05-13T09:02:04","slug":"coverglobal-ltd","status":"publish","type":"page","link":"https:\/\/www.cover.fi\/de\/coverglobal-ltd\/","title":{"rendered":"CoverGlobal Ltd"},"content":{"rendered":"<div class=\"wpb-content-wrapper\">[mk_page_section bg_image=&#8220;https:\/\/www.cover.fi\/wp-content\/uploads\/2022\/05\/coverglobal-staff-2.jpg&#8220; bg_position=&#8220;center center&#8220; bg_repeat=&#8220;no-repeat&#8220; bg_stretch=&#8220;true&#8220; enable_3d=&#8220;true&#8220; min_height=&#8220;650&#8243; full_width=&#8220;true&#8220; padding_top=&#8220;0&#8243; padding_bottom=&#8220;40&#8243; sidebar=&#8220;sidebar-1&#8243;][vc_column][\/vc_column][\/mk_page_section][vc_row][vc_column width=&#8220;1\/6&#8243;][\/vc_column][vc_column width=&#8220;2\/3&#8243;][mk_padding_divider][vc_column_text css=&#8220;.vc_custom_1539161516648{margin-bottom: 0px !important;}&#8220;]\n<h3 style=\"text-align: center;\"><img loading=\"lazy\" decoding=\"async\" class=\" wp-image-23 aligncenter\" src=\"https:\/\/cover.fi\/wp-content\/uploads\/2018\/06\/artwork-16.svg\" alt=\"\" width=\"388\" height=\"227\" \/><\/h3>\n<h4 style=\"text-align: left;\">Wie alles anfing?<\/h4>\n<p>Der Erfinder Jarmo Sj\u00f6holm entwickelte 1991 in Finnland das rahmenlose COVER-Balkon- und Terrassenverglasungssystem. Es war weltweit das erste System, welches praktisch unbeschr\u00e4nkt \u00fcber verschiedenste Eck\u00f6ffnungen gleiten konnte. Ebenso wurden einzelne Systemteile weltweit patentiert.<\/p>\n<p>Das originale COVER-System konnte sich im Laufe der Zeit behaupten und geh\u00f6rt weiterhin zu den hochwertigsten Verglasungssystemen. So wurde die CoverGlobal Ltd zu einem weltweit beachteten finnischen Unternehmen.<br \/>\nUnd der Traum eines jungen Mannes ging in Erf\u00fcllung.<\/p>\n<p>COVER-Produkte sind in ihrem Bereich ein bedeutender Arbeitgeber. COVER-Arbeitnehmer und Kundenunternehmen sind wie eine gro\u00dfe Familie.<\/p>\n<p><strong>\u201eSetzen wir gemeinsam den von Jarmo Sj\u00f6holm gewiesenen Weg fort \u2013 in eine transparentere Welt und zu neuen Entwicklungen\u201c<\/strong><\/p>\n<h4>Wie geht es weiter?<\/h4>\n<p>Im Gefolge des urspr\u00fcnglichen COVER-Systems ist im Laufe der Zeit eine sich gegenseitig harmonisch erg\u00e4nzende Gruppe an Glas- und Aluminiumprodukten entstanden, die, zusammen oder einzeln, Produktl\u00f6sungen f\u00fcr eine Vielzahl von Einsatzzwecken bietet.<br \/>\nHeutzutage sind Zuverl\u00e4ssigkeit, Schnelligkeit, Leistungsf\u00e4higkeit, Servicebereitschaft, l\u00f6sungsorientierter Einsatz und Qualit\u00e4t die zentralen Faktoren, auf die die Kunden besonders Wert legen. In den vergangenen Jahren hat sich die CoverGlobal Ltd gerade auf diese Teilgebiete konzentriert, unter anderem durch Investitionen in die Produktentwicklung, die IT-Systeme und in ein neu geschultes, motiviertes Personal. Mit diesen Mitteln k\u00f6nnen wir die Anforderungen der Kunden erf\u00fcllen und ein positives Kundenerlebnis erzielen.<\/p>\n<p>Unser gut geschultes und sprachkundiges Personal hilft und unterst\u00fctzt unsere B2B-Kunden in allen Phasen von Projekt und Zusammenarbeit, damit die gesetzten Ziele erf\u00fcllt oder gar \u00fcbertroffen werden.<\/p>\n<p>Wir sind stolz darauf, dass wir unsere in Finnland entwickelte Technologie seit Jahrzehnten unseren finnischen und globalen Kunden in mehr als 30 L\u00e4ndern liefern konnten.<\/p>\n<p>Wir freuen uns \u00fcber jeden neuen Kunden und jede neue Bestellung. Wir haben uns verpflichtet, langfristig mit unseren Kunden zusammenzuarbeiten und unseren Kunden zu ihrem Erfolg unseren Beitrag zu leisten.<\/p>\n<p>Wir leben eine starke Wertekultur und betrachten unsere Kunden als Teil unserer gro\u00dfen Familie.<\/p>\n<p>Wir sind\u2026<br \/>\n<strong>IHR PARTNER<\/strong><\/p>\n<p>Ihr<br \/>\nCOVER-Team[\/vc_column_text][mk_padding_divider][\/vc_column][vc_column width=&#8220;1\/6&#8243;][\/vc_column][\/vc_row][mk_page_section full_width=&#8220;true&#8220; js_vertical_centered=&#8220;true&#8220; padding_top=&#8220;30&#8243; padding_bottom=&#8220;0&#8243; top_shape_size=&#8220;small&#8220; top_shape_color=&#8220;#ffffff&#8220; top_shape_bg_color=&#8220;#dd3333&#8243; sidebar=&#8220;sidebar-1&#8243;][vc_column][rev_slider_vc alias=&#8220;coverglobal&#8220;][\/vc_column][\/mk_page_section]\n<\/div>","protected":false},"excerpt":{"rendered":"<p>[mk_page_section bg_image=&#8220;https:\/\/www.cover.fi\/wp-content\/uploads\/2022\/05\/coverglobal-staff-2.jpg&#8220; bg_position=&#8220;center center&#8220; bg_repeat=&#8220;no-repeat&#8220; bg_stretch=&#8220;true&#8220; enable_3d=&#8220;true&#8220; min_height=&#8220;650&#8243; full_width=&#8220;true&#8220; padding_top=&#8220;0&#8243; padding_bottom=&#8220;40&#8243; sidebar=&#8220;sidebar-1&#8243;][vc_column][\/vc_column][\/mk_page_section][vc_row][vc_column width=&#8220;1\/6&#8243;][\/vc_column][vc_column width=&#8220;2\/3&#8243;][mk_padding_divider][vc_column_text css=&#8220;.vc_custom_1539161516648{margin-bottom: 0px !important;}&#8220;] Wie alles anfing? Der Erfinder Jarmo Sj\u00f6holm entwickelte 1991 in Finnland das rahmenlose COVER-Balkon- und Terrassenverglasungssystem. Es war weltweit das erste System, welches praktisch unbeschr\u00e4nkt \u00fcber verschiedenste Eck\u00f6ffnungen gleiten konnte. Ebenso wurden einzelne Systemteile weltweit patentiert. Das originale [&hellip;]<\/p>\n","protected":false},"author":1,"featured_media":0,"parent":0,"menu_order":0,"comment_status":"closed","ping_status":"closed","template":"","meta":{"footnotes":""},"class_list":["post-393","page","type-page","status-publish","hentry"],"_links":{"self":[{"href":"https:\/\/www.cover.fi\/de\/wp-json\/wp\/v2\/pages\/393","targetHints":{"allow":["GET"]}}],"collection":[{"href":"https:\/\/www.cover.fi\/de\/wp-json\/wp\/v2\/pages"}],"about":[{"href":"https:\/\/www.cover.fi\/de\/wp-json\/wp\/v2\/types\/page"}],"author":[{"embeddable":true,"href":"https:\/\/www.cover.fi\/de\/wp-json\/wp\/v2\/users\/1"}],"replies":[{"embeddable":true,"href":"https:\/\/www.cover.fi\/de\/wp-json\/wp\/v2\/comments?post=393"}],"version-history":[{"count":2,"href":"https:\/\/www.cover.fi\/de\/wp-json\/wp\/v2\/pages\/393\/revisions"}],"predecessor-version":[{"id":2286,"href":"https:\/\/www.cover.fi\/de\/wp-json\/wp\/v2\/pages\/393\/revisions\/2286"}],"wp:attachment":[{"href":"https:\/\/www.cover.fi\/de\/wp-json\/wp\/v2\/media?parent=393"}],"curies":[{"name":"wp","href":"https:\/\/api.w.org\/{rel}","templated":true}]}}